{"id":405,"date":"2021-10-03T23:42:36","date_gmt":"2021-10-03T20:42:36","guid":{"rendered":"http:\/\/profildemiri.com\/?page_id=405"},"modified":"2021-10-03T23:45:26","modified_gmt":"2021-10-03T20:45:26","slug":"kutu-profil-ve-borular","status":"publish","type":"page","link":"https:\/\/profildemiri.com\/index.php\/kutu-profil-ve-borular\/","title":{"rendered":"Kutu Profil ve Borular"},"content":{"rendered":"\t\t<div data-elementor-type=\"wp-page\" data-elementor-id=\"405\" class=\"elementor elementor-405\" data-elementor-settings=\"[]\">\n\t\t\t\t\t\t\t<div class=\"elementor-section-wrap\">\n\t\t\t\t\t\t\t<section class=\"elementor-section elementor-top-section elementor-element elementor-element-dafc1f3 elementor-section-stretched elementor-section-boxed elementor-section-height-default elementor-section-height-default\" data-id=\"dafc1f3\" data-element_type=\"section\" data-settings=\"{&quot;stretch_section&quot;:&quot;section-stretched&quot;}\">\n\t\t\t\t\t\t<div class=\"elementor-container elementor-column-gap-default\">\n\t\t\t\t\t<div class=\"elementor-column elementor-col-100 elementor-top-column elementor-element elementor-element-5c40177\" data-id=\"5c40177\" data-element_type=\"column\">\n\t\t\t<div class=\"elementor-widget-wrap elementor-element-populated\">\n\t\t\t\t\t\t\t\t<div class=\"elementor-element elementor-element-8861861 elementor-widget elementor-widget-text-editor\" data-id=\"8861861\" data-element_type=\"widget\" data-widget_type=\"text-editor.default\">\n\t\t\t\t<div class=\"elementor-widget-container\">\n\t\t\t\t\t\t\t\t<p>Kutu profille ve borular; \u00fczerinde normlara uygun olarak ve standart olarak kalite \u00e7e\u015fitlerini i\u00e7eren \u00e7elik bantlardan y\u00fcksek frekans kayna\u011f\u0131 ile imal edilmektedir. Kare ve dikd\u00f6rtgen kutu \u015fekli olan profilleri s\u0131cak ve so\u011fuk bantlardan ileri teknoloji kullan\u0131m\u0131 ile \u00fcretilmektedir. Temel olarak g\u00fcn\u00fcm\u00fczde \u00fcretimde iki farkl\u0131 y\u00f6ntem uygulanmaktad\u0131r.<\/p><p>\u00a0<\/p><h3><strong>Daha detayl\u0131 bilgi i\u00e7in whatsapp hatt\u0131 yada ileit\u015fim numaralar\u0131m\u0131zdan bize eri\u015fim sa\u011flayabilirsiniz..<\/strong><\/h3>\t\t\t\t\t\t<\/div>\n\t\t\t\t<\/div>\n\t\t\t\t\t<\/div>\n\t\t<\/div>\n\t\t\t\t\t\t\t<\/div>\n\t\t<\/section>\n\t\t\t\t<section class=\"elementor-section elementor-top-section elementor-element elementor-element-7a7dc98 elementor-section-stretched elementor-section-boxed elementor-section-height-default elementor-section-height-default\" data-id=\"7a7dc98\" data-element_type=\"section\" data-settings=\"{&quot;stretch_section&quot;:&quot;section-stretched&quot;}\">\n\t\t\t\t\t\t<div class=\"elementor-container elementor-column-gap-default\">\n\t\t\t\t\t<div class=\"elementor-column elementor-col-100 elementor-top-column elementor-element elementor-element-2db23d4\" data-id=\"2db23d4\" data-element_type=\"column\">\n\t\t\t<div class=\"elementor-widget-wrap elementor-element-populated\">\n\t\t\t\t\t\t\t\t<div class=\"elementor-element elementor-element-a0024f6 elementor-widget elementor-widget-heading\" data-id=\"a0024f6\" data-element_type=\"widget\" data-widget_type=\"heading.default\">\n\t\t\t\t<div class=\"elementor-widget-container\">\n\t\t\t<h2 class=\"elementor-heading-title elementor-size-default\">Kutu Profil ve Borular<\/h2>\t\t<\/div>\n\t\t\t\t<\/div>\n\t\t\t\t\t<\/div>\n\t\t<\/div>\n\t\t\t\t\t\t\t<\/div>\n\t\t<\/section>\n\t\t\t\t<section class=\"elementor-section elementor-top-section elementor-element elementor-element-145cc75 elementor-section-stretched elementor-section-boxed elementor-section-height-default elementor-section-height-default\" data-id=\"145cc75\" data-element_type=\"section\" data-settings=\"{&quot;stretch_section&quot;:&quot;section-stretched&quot;}\">\n\t\t\t\t\t\t<div class=\"elementor-container elementor-column-gap-default\">\n\t\t\t\t\t<div class=\"elementor-column elementor-col-100 elementor-top-column elementor-element elementor-element-0c4a820\" data-id=\"0c4a820\" data-element_type=\"column\">\n\t\t\t<div class=\"elementor-widget-wrap elementor-element-populated\">\n\t\t\t\t\t\t\t\t<div class=\"elementor-element elementor-element-d52673d elementor-widget elementor-widget-text-editor\" data-id=\"d52673d\" data-element_type=\"widget\" data-widget_type=\"text-editor.default\">\n\t\t\t\t<div class=\"elementor-widget-container\">\n\t\t\t\t\t\t\t\t<table border=\"0\" width=\"100%\" cellspacing=\"0\" cellpadding=\"0\"><tbody><tr><td colspan=\"12\">\u00a0<\/td><\/tr><tr><td rowspan=\"3\"><strong>Ebat mm<\/strong><\/td><td colspan=\"11\"><strong>Et Kal\u0131nl\u0131\u011f\u0131 ( mm )<\/strong><\/td><\/tr><tr><td><strong>0,7<\/strong><\/td><td><strong>0,8<\/strong><\/td><td><strong>0,9<\/strong><\/td><td><strong>1<\/strong><\/td><td><strong>1,2<\/strong><\/td><td><strong>1,5<\/strong><\/td><td><strong>2<\/strong><\/td><td><strong>2,5<\/strong><\/td><td><strong>3<\/strong><\/td><td><strong>4<\/strong><\/td><td><strong>5<\/strong><\/td><\/tr><tr><td colspan=\"11\"><strong>A\u011f\u0131rl\u0131k ( Kg \/ Metre )<\/strong><\/td><\/tr><tr><td>10&#215;10<\/td><td>0,204<\/td><td>0,231<\/td><td>0,257<\/td><td>0,282<\/td><td>0,338<\/td><td>\u00a0<\/td><td>\u00a0<\/td><td>\u00a0<\/td><td>\u00a0<\/td><td>\u00a0<\/td><td>\u00a0<\/td><\/tr><tr><td>15&#215;15<\/td><td>0,314<\/td><td>0,356<\/td><td>0,399<\/td><td>0,438<\/td><td>0,52<\/td><td>0,632<\/td><td>\u00a0<\/td><td>\u00a0<\/td><td>\u00a0<\/td><td>\u00a0<\/td><td>\u00a0<\/td><\/tr><tr><td>20&#215;20<\/td><td>0,424<\/td><td>0,482<\/td><td>0,539<\/td><td>0,595<\/td><td>0,708<\/td><td>0,868<\/td><td>1.120<\/td><td>1.510<\/td><td>\u00a0<\/td><td>\u00a0<\/td><td>\u00a0<\/td><\/tr><tr><td>25&#215;25<\/td><td>0,534<\/td><td>0,608<\/td><td>0,681<\/td><td>0,752<\/td><td>0,896<\/td><td>1.100<\/td><td>1.440<\/td><td>1.890<\/td><td>1.900<\/td><td>\u00a0<\/td><td>\u00a0<\/td><\/tr><tr><td>30&#215;30<\/td><td>\u00a0<\/td><td>0,733<\/td><td>0,822<\/td><td>0,909<\/td><td>1.085<\/td><td>1.340<\/td><td>1.750<\/td><td>2.150<\/td><td>2.390<\/td><td>\u00a0<\/td><td>\u00a0<\/td><\/tr><tr><td>40&#215;40<\/td><td>\u00a0<\/td><td>\u00a0<\/td><td>\u00a0<\/td><td>1.210<\/td><td>1.440<\/td><td>1.810<\/td><td>2.380<\/td><td>2.930<\/td><td>3.330<\/td><td>4.250<\/td><td>\u00a0<\/td><\/tr><tr><td>50&#215;50<\/td><td>\u00a0<\/td><td>\u00a0<\/td><td>\u00a0<\/td><td>\u00a0<\/td><td>1.820<\/td><td>2.280<\/td><td>3.010<\/td><td>3.720<\/td><td>4.280<\/td><td>5.510<\/td><td>6.560<\/td><\/tr><tr><td>60&#215;60<\/td><td>\u00a0<\/td><td>\u00a0<\/td><td>\u00a0<\/td><td>\u00a0<\/td><td>\u00a0<\/td><td>2.750<\/td><td>3.640<\/td><td>4.500<\/td><td>5.520<\/td><td>6.760<\/td><td>8.130<\/td><\/tr><tr><td>70&#215;70<\/td><td>\u00a0<\/td><td>\u00a0<\/td><td>\u00a0<\/td><td>\u00a0<\/td><td>\u00a0<\/td><td>3.230<\/td><td>4.260<\/td><td>5.290<\/td><td>6.160<\/td><td>8.020<\/td><td>9.700<\/td><\/tr><tr><td>80&#215;80<\/td><td>\u00a0<\/td><td>\u00a0<\/td><td>\u00a0<\/td><td>\u00a0<\/td><td>\u00a0<\/td><td>\u00a0<\/td><td>4.890<\/td><td>6.070<\/td><td>7.100<\/td><td>9.280<\/td><td>11.300<\/td><\/tr><tr><td>90&#215;90<\/td><td>\u00a0<\/td><td>\u00a0<\/td><td>\u00a0<\/td><td>\u00a0<\/td><td>\u00a0<\/td><td>\u00a0<\/td><td>5.520<\/td><td>6.860<\/td><td>8.040<\/td><td>10.500<\/td><td>12.800<\/td><\/tr><tr><td>100&#215;100<\/td><td>\u00a0<\/td><td>\u00a0<\/td><td>\u00a0<\/td><td>\u00a0<\/td><td>\u00a0<\/td><td>\u00a0<\/td><td>6.150<\/td><td>7.640<\/td><td>8.990<\/td><td>11.800<\/td><td>14.400<\/td><\/tr><tr><td>120&#215;120<\/td><td>\u00a0<\/td><td>\u00a0<\/td><td>\u00a0<\/td><td>\u00a0<\/td><td>\u00a0<\/td><td>\u00a0<\/td><td>\u00a0<\/td><td>\u00a0<\/td><td>11.100<\/td><td>14.100<\/td><td>17.400<\/td><\/tr><tr><td>125&#215;125<\/td><td>\u00a0<\/td><td>\u00a0<\/td><td>\u00a0<\/td><td>\u00a0<\/td><td>\u00a0<\/td><td>\u00a0<\/td><td>\u00a0<\/td><td>\u00a0<\/td><td>11.500<\/td><td>15.000<\/td><td>18.060<\/td><\/tr><tr><td>150&#215;150<\/td><td>\u00a0<\/td><td>\u00a0<\/td><td>\u00a0<\/td><td>\u00a0<\/td><td>\u00a0<\/td><td>\u00a0<\/td><td>\u00a0<\/td><td>\u00a0<\/td><td>13.900<\/td><td>18.120<\/td><td>21.350<\/td><\/tr><\/tbody><\/table><p>\u00a0<\/p>\t\t\t\t\t\t<\/div>\n\t\t\t\t<\/div>\n\t\t\t\t\t<\/div>\n\t\t<\/div>\n\t\t\t\t\t\t\t<\/div>\n\t\t<\/section>\n\t\t\t\t<section class=\"elementor-section elementor-top-section elementor-element elementor-element-9c3126b elementor-section-stretched elementor-section-boxed elementor-section-height-default elementor-section-height-default\" data-id=\"9c3126b\" data-element_type=\"section\" data-settings=\"{&quot;stretch_section&quot;:&quot;section-stretched&quot;}\">\n\t\t\t\t\t\t<div class=\"elementor-container elementor-column-gap-default\">\n\t\t\t\t\t<div class=\"elementor-column elementor-col-50 elementor-top-column elementor-element elementor-element-a077a06\" data-id=\"a077a06\" data-element_type=\"column\">\n\t\t\t<div class=\"elementor-widget-wrap elementor-element-populated\">\n\t\t\t\t\t\t\t\t<div class=\"elementor-element elementor-element-1c7a233 elementor-widget elementor-widget-image-gallery\" data-id=\"1c7a233\" data-element_type=\"widget\" data-widget_type=\"image-gallery.default\">\n\t\t\t\t<div class=\"elementor-widget-container\">\n\t\t\t\t\t<div class=\"elementor-image-gallery\">\n\t\t\t<div id='gallery-1' class='gallery galleryid-405 gallery-columns-3 gallery-size-thumbnail'><figure class='gallery-item'>\n\t\t\t<div class='gallery-icon landscape'>\n\t\t\t\t<a data-elementor-open-lightbox=\"yes\" data-elementor-lightbox-slideshow=\"1c7a233\" data-elementor-lightbox-title=\"dkp sac 2\" href='https:\/\/profildemiri.com\/wp-content\/uploads\/2021\/10\/dkp-sac-2.jpg'><img loading=\"lazy\" decoding=\"async\" width=\"150\" height=\"150\" src=\"https:\/\/profildemiri.com\/wp-content\/uploads\/2021\/10\/dkp-sac-2-150x150.jpg\" class=\"attachment-thumbnail size-thumbnail\" alt=\"\" \/><\/a>\n\t\t\t<\/div><\/figure><figure class='gallery-item'>\n\t\t\t<div class='gallery-icon landscape'>\n\t\t\t\t<a data-elementor-open-lightbox=\"yes\" data-elementor-lightbox-slideshow=\"1c7a233\" data-elementor-lightbox-title=\"dkp sac 3\" href='https:\/\/profildemiri.com\/wp-content\/uploads\/2021\/10\/dkp-sac-3.jpg'><img loading=\"lazy\" decoding=\"async\" width=\"150\" height=\"150\" src=\"https:\/\/profildemiri.com\/wp-content\/uploads\/2021\/10\/dkp-sac-3-150x150.jpg\" class=\"attachment-thumbnail size-thumbnail\" alt=\"\" \/><\/a>\n\t\t\t<\/div><\/figure><figure class='gallery-item'>\n\t\t\t<div class='gallery-icon landscape'>\n\t\t\t\t<a data-elementor-open-lightbox=\"yes\" data-elementor-lightbox-slideshow=\"1c7a233\" data-elementor-lightbox-title=\"dkp sac\" href='https:\/\/profildemiri.com\/wp-content\/uploads\/2021\/10\/dkp-sac.jpg'><img loading=\"lazy\" decoding=\"async\" width=\"150\" height=\"150\" src=\"https:\/\/profildemiri.com\/wp-content\/uploads\/2021\/10\/dkp-sac-150x150.jpg\" class=\"attachment-thumbnail size-thumbnail\" alt=\"\" \/><\/a>\n\t\t\t<\/div><\/figure>\n\t\t<\/div>\n\t\t<\/div>\n\t\t\t\t<\/div>\n\t\t\t\t<\/div>\n\t\t\t\t\t<\/div>\n\t\t<\/div>\n\t\t\t\t<div class=\"elementor-column elementor-col-50 elementor-top-column elementor-element elementor-element-9c27c14\" data-id=\"9c27c14\" data-element_type=\"column\">\n\t\t\t<div class=\"elementor-widget-wrap elementor-element-populated\">\n\t\t\t\t\t\t\t\t<div class=\"elementor-element elementor-element-d1cf4fd elementor-widget elementor-widget-image-gallery\" data-id=\"d1cf4fd\" data-element_type=\"widget\" data-widget_type=\"image-gallery.default\">\n\t\t\t\t<div class=\"elementor-widget-container\">\n\t\t\t\t\t<div class=\"elementor-image-gallery\">\n\t\t\t<div id='gallery-2' class='gallery galleryid-405 gallery-columns-3 gallery-size-thumbnail'><figure class='gallery-item'>\n\t\t\t<div class='gallery-icon portrait'>\n\t\t\t\t<a data-elementor-open-lightbox=\"yes\" data-elementor-lightbox-slideshow=\"d1cf4fd\" data-elementor-lightbox-title=\"siyah sac 2\" href='https:\/\/profildemiri.com\/wp-content\/uploads\/2021\/10\/siyah-sac-2.jpg'><img loading=\"lazy\" decoding=\"async\" width=\"150\" height=\"150\" src=\"https:\/\/profildemiri.com\/wp-content\/uploads\/2021\/10\/siyah-sac-2-150x150.jpg\" class=\"attachment-thumbnail size-thumbnail\" alt=\"\" srcset=\"https:\/\/profildemiri.com\/wp-content\/uploads\/2021\/10\/siyah-sac-2-150x150.jpg 150w, https:\/\/profildemiri.com\/wp-content\/uploads\/2021\/10\/siyah-sac-2.jpg 296w\" sizes=\"auto, (max-width: 150px) 100vw, 150px\" \/><\/a>\n\t\t\t<\/div><\/figure><figure class='gallery-item'>\n\t\t\t<div class='gallery-icon landscape'>\n\t\t\t\t<a data-elementor-open-lightbox=\"yes\" data-elementor-lightbox-slideshow=\"d1cf4fd\" data-elementor-lightbox-title=\"siyah sac 3\" href='https:\/\/profildemiri.com\/wp-content\/uploads\/2021\/10\/siyah-sac-3.jpg'><img loading=\"lazy\" decoding=\"async\" width=\"150\" height=\"150\" src=\"https:\/\/profildemiri.com\/wp-content\/uploads\/2021\/10\/siyah-sac-3-150x150.jpg\" class=\"attachment-thumbnail size-thumbnail\" alt=\"\" \/><\/a>\n\t\t\t<\/div><\/figure><figure class='gallery-item'>\n\t\t\t<div class='gallery-icon landscape'>\n\t\t\t\t<a data-elementor-open-lightbox=\"yes\" data-elementor-lightbox-slideshow=\"d1cf4fd\" data-elementor-lightbox-title=\"siyah sac\" href='https:\/\/profildemiri.com\/wp-content\/uploads\/2021\/10\/siyah-sac.jpg'><img loading=\"lazy\" decoding=\"async\" width=\"150\" height=\"150\" src=\"https:\/\/profildemiri.com\/wp-content\/uploads\/2021\/10\/siyah-sac-150x150.jpg\" class=\"attachment-thumbnail size-thumbnail\" alt=\"\" \/><\/a>\n\t\t\t<\/div><\/figure>\n\t\t<\/div>\n\t\t<\/div>\n\t\t\t\t<\/div>\n\t\t\t\t<\/div>\n\t\t\t\t\t<\/div>\n\t\t<\/div>\n\t\t\t\t\t\t\t<\/div>\n\t\t<\/section>\n\t\t\t\t\t\t<\/div>\n\t\t\t\t\t<\/div>\n\t\t","protected":false},"excerpt":{"rendered":"<p>Kutu profille ve borular; \u00fczerinde normlara uygun olarak ve standart olarak kalite \u00e7e\u015fitlerini i\u00e7eren \u00e7elik bantlardan y\u00fcksek frekans kayna\u011f\u0131 ile imal edilmektedir. Kare ve dikd\u00f6rtgen kutu \u015fekli olan profilleri s\u0131cak ve so\u011fuk bantlardan ileri teknoloji kullan\u0131m\u0131 ile \u00fcretilmektedir. Temel olarak g\u00fcn\u00fcm\u00fczde \u00fcretimde iki farkl\u0131 y\u00f6ntem uygulanmaktad\u0131r. \u00a0 Daha detayl\u0131 bilgi i\u00e7in whatsapp hatt\u0131 yada ileit\u015fim [&hellip;]<\/p>\n","protected":false},"author":1,"featured_media":0,"parent":0,"menu_order":0,"comment_status":"closed","ping_status":"closed","template":"","meta":{"footnotes":""},"class_list":["post-405","page","type-page","status-publish","hentry","entry"],"_links":{"self":[{"href":"https:\/\/profildemiri.com\/index.php\/wp-json\/wp\/v2\/pages\/405","targetHints":{"allow":["GET"]}}],"collection":[{"href":"https:\/\/profildemiri.com\/index.php\/wp-json\/wp\/v2\/pages"}],"about":[{"href":"https:\/\/profildemiri.com\/index.php\/wp-json\/wp\/v2\/types\/page"}],"author":[{"embeddable":true,"href":"https:\/\/profildemiri.com\/index.php\/wp-json\/wp\/v2\/users\/1"}],"replies":[{"embeddable":true,"href":"https:\/\/profildemiri.com\/index.php\/wp-json\/wp\/v2\/comments?post=405"}],"version-history":[{"count":4,"href":"https:\/\/profildemiri.com\/index.php\/wp-json\/wp\/v2\/pages\/405\/revisions"}],"predecessor-version":[{"id":409,"href":"https:\/\/profildemiri.com\/index.php\/wp-json\/wp\/v2\/pages\/405\/revisions\/409"}],"wp:attachment":[{"href":"https:\/\/profildemiri.com\/index.php\/wp-json\/wp\/v2\/media?parent=405"}],"curies":[{"name":"wp","href":"https:\/\/api.w.org\/{rel}","templated":true}]}}