{"id":392,"date":"2021-10-03T23:34:48","date_gmt":"2021-10-03T20:34:48","guid":{"rendered":"http:\/\/profildemiri.com\/?page_id=392"},"modified":"2021-10-03T23:40:17","modified_gmt":"2021-10-03T20:40:17","slug":"paslanmaz-saclar","status":"publish","type":"page","link":"https:\/\/profildemiri.com\/index.php\/paslanmaz-saclar\/","title":{"rendered":"Paslanmaz Saclar"},"content":{"rendered":"\t\t<div data-elementor-type=\"wp-page\" data-elementor-id=\"392\" class=\"elementor elementor-392\" data-elementor-settings=\"[]\">\n\t\t\t\t\t\t\t<div class=\"elementor-section-wrap\">\n\t\t\t\t\t\t\t<section class=\"elementor-section elementor-top-section elementor-element elementor-element-dafc1f3 elementor-section-stretched elementor-section-boxed elementor-section-height-default elementor-section-height-default\" data-id=\"dafc1f3\" data-element_type=\"section\" data-settings=\"{&quot;stretch_section&quot;:&quot;section-stretched&quot;}\">\n\t\t\t\t\t\t<div class=\"elementor-container elementor-column-gap-default\">\n\t\t\t\t\t<div class=\"elementor-column elementor-col-100 elementor-top-column elementor-element elementor-element-5c40177\" data-id=\"5c40177\" data-element_type=\"column\">\n\t\t\t<div class=\"elementor-widget-wrap elementor-element-populated\">\n\t\t\t\t\t\t\t\t<div class=\"elementor-element elementor-element-8861861 elementor-widget elementor-widget-text-editor\" data-id=\"8861861\" data-element_type=\"widget\" data-widget_type=\"text-editor.default\">\n\t\t\t\t<div class=\"elementor-widget-container\">\n\t\t\t\t\t\t\t\t<p>Karbon malzeme gruplar\u0131ndan yararlan\u0131l\u0131p \u00fcretimi yap\u0131lan, i\u00e7eri\u011finde en az %10,5 krom bulunan demir esasl\u0131 bir ala\u015f\u0131m olan paslanmaz \u00e7elik saclar, g\u00fcn\u00fcm\u00fcz \u015fartlar\u0131nda kroumun olmas\u0131yla beraber oksidasyona diren\u00e7li olup paslanmaz \u00f6zelli\u011fi etkin \u015fekilde bulunan \u00fcr\u00fcnlerdir.\u00a0<\/p><p>Bir\u00e7ok uygulama, kullan\u0131m ama\u00e7l\u0131 tasarlanan bir\u00e7ok alanda paslanmaz \u00e7elik ailesi bulunurken g\u00fcn\u00fcm\u00fczde de paslanmaz \u00e7elik saclar, \u00e7e\u015fitli i\u015fleme, s\u0131cakl\u0131k ve mukavemet ko\u015fullar\u0131na uygun \u015fekilde de paslanmaz \u00e7elik sac bulunmaktad\u0131r. Ayn\u0131 zamanda hem paslanmaz olmas\u0131 noktas\u0131nda hem de s\u0131cakl\u0131k g\u00fcc\u00fc y\u00fcksek olmas\u0131 sayesinde de \u00e7ok kez modifiye edilerek kullan\u0131ma uygun olmaktad\u0131r.<\/p>\t\t\t\t\t\t<\/div>\n\t\t\t\t<\/div>\n\t\t\t\t\t<\/div>\n\t\t<\/div>\n\t\t\t\t\t\t\t<\/div>\n\t\t<\/section>\n\t\t\t\t<section class=\"elementor-section elementor-top-section elementor-element elementor-element-7a7dc98 elementor-section-stretched elementor-section-boxed elementor-section-height-default elementor-section-height-default\" data-id=\"7a7dc98\" data-element_type=\"section\" data-settings=\"{&quot;stretch_section&quot;:&quot;section-stretched&quot;}\">\n\t\t\t\t\t\t<div class=\"elementor-container elementor-column-gap-default\">\n\t\t\t\t\t<div class=\"elementor-column elementor-col-100 elementor-top-column elementor-element elementor-element-2db23d4\" data-id=\"2db23d4\" data-element_type=\"column\">\n\t\t\t<div class=\"elementor-widget-wrap elementor-element-populated\">\n\t\t\t\t\t\t\t\t<div class=\"elementor-element elementor-element-a0024f6 elementor-widget elementor-widget-heading\" data-id=\"a0024f6\" data-element_type=\"widget\" data-widget_type=\"heading.default\">\n\t\t\t\t<div class=\"elementor-widget-container\">\n\t\t\t<h2 class=\"elementor-heading-title elementor-size-default\">Paslanmaz Saclar<\/h2>\t\t<\/div>\n\t\t\t\t<\/div>\n\t\t\t\t\t<\/div>\n\t\t<\/div>\n\t\t\t\t\t\t\t<\/div>\n\t\t<\/section>\n\t\t\t\t<section class=\"elementor-section elementor-top-section elementor-element elementor-element-145cc75 elementor-section-stretched elementor-section-boxed elementor-section-height-default elementor-section-height-default\" data-id=\"145cc75\" data-element_type=\"section\" data-settings=\"{&quot;stretch_section&quot;:&quot;section-stretched&quot;}\">\n\t\t\t\t\t\t<div class=\"elementor-container elementor-column-gap-default\">\n\t\t\t\t\t<div class=\"elementor-column elementor-col-100 elementor-top-column elementor-element elementor-element-0c4a820\" data-id=\"0c4a820\" data-element_type=\"column\">\n\t\t\t<div class=\"elementor-widget-wrap elementor-element-populated\">\n\t\t\t\t\t\t\t\t<div class=\"elementor-element elementor-element-d52673d elementor-widget elementor-widget-text-editor\" data-id=\"d52673d\" data-element_type=\"widget\" data-widget_type=\"text-editor.default\">\n\t\t\t\t<div class=\"elementor-widget-container\">\n\t\t\t\t\t\t\t\t<table border=\"0\" width=\"100%\" cellspacing=\"0\" cellpadding=\"0\"><tbody><tr><td colspan=\"7\"><strong>Paslanmaz Sa\u00e7 Levha Ebat ve A\u011f\u0131rl\u0131klar\u0131<\/strong><\/td><\/tr><tr><td rowspan=\"3\"><strong>Kal\u0131nl\u0131k mm<\/strong><\/td><td colspan=\"6\"><strong>En x Boy (mm)<\/strong><\/td><\/tr><tr><td><strong>1000 x 2000<\/strong><\/td><td><strong>1250 x 2500<\/strong><\/td><td><strong>1500 x 3000<\/strong><\/td><td><strong>1500 x 6000<\/strong><\/td><td><strong>2000 x 4000<\/strong><\/td><td>2000 x 6000<\/td><\/tr><tr><td colspan=\"6\"><strong>LEVHA \/ KG<\/strong><\/td><\/tr><tr><td>0,40<\/td><td>6,40<\/td><td>10,00<\/td><td>&#8211;<\/td><td>&#8211;<\/td><td>&#8211;<\/td><td>&#8211;<\/td><\/tr><tr><td>0,50<\/td><td>8,00<\/td><td>12,50<\/td><td>&#8211;<\/td><td>&#8211;<\/td><td>&#8211;<\/td><td>&#8211;<\/td><\/tr><tr><td>0,60<\/td><td>9,60<\/td><td>15,00<\/td><td>&#8211;<\/td><td>&#8211;<\/td><td>&#8211;<\/td><td>&#8211;<\/td><\/tr><tr><td>0,80<\/td><td>12,80<\/td><td>20,00<\/td><td>28,80<\/td><td>&#8211;<\/td><td>&#8211;<\/td><td>&#8211;<\/td><\/tr><tr><td>1,00<\/td><td>16,00<\/td><td>25,00<\/td><td>36,00<\/td><td>&#8211;<\/td><td>&#8211;<\/td><td>&#8211;<\/td><\/tr><tr><td>1,20<\/td><td>19,20<\/td><td>30,00<\/td><td>43,20<\/td><td>&#8211;<\/td><td>&#8211;<\/td><td>&#8211;<\/td><\/tr><tr><td>1,50<\/td><td>24,00<\/td><td>37,50<\/td><td>54,00<\/td><td>&#8211;<\/td><td>&#8211;<\/td><td>&#8211;<\/td><\/tr><tr><td>2,00<\/td><td>32,00<\/td><td>50,00<\/td><td>72,00<\/td><td>144,00<\/td><td>128,00<\/td><td>192,00<\/td><\/tr><tr><td>2,50<\/td><td>40,00<\/td><td>62,50<\/td><td>90,00<\/td><td>180,00<\/td><td>160,00<\/td><td>240,00<\/td><\/tr><tr><td>3,00<\/td><td>48,00<\/td><td>75,00<\/td><td>108,00<\/td><td>216,00<\/td><td>192,00<\/td><td>288,00<\/td><\/tr><tr><td>4,00<\/td><td>64,00<\/td><td>100,00<\/td><td>144,00<\/td><td>288,00<\/td><td>256,00<\/td><td>384,00<\/td><\/tr><tr><td>5,00<\/td><td>80,00<\/td><td>125,00<\/td><td>180,00<\/td><td>360,00<\/td><td>320,00<\/td><td>480,00<\/td><\/tr><tr><td>6,00<\/td><td>96,00<\/td><td>150,00<\/td><td>216,00<\/td><td>432,00<\/td><td>384,00<\/td><td>576,00<\/td><\/tr><tr><td>8,00<\/td><td>128,00<\/td><td>200,00<\/td><td>288,00<\/td><td>576,00<\/td><td>512,00<\/td><td>768,00<\/td><\/tr><tr><td>10,00<\/td><td>160,00<\/td><td>250,00<\/td><td>360,00<\/td><td>720,00<\/td><td>640,00<\/td><td>960,00<\/td><\/tr><\/tbody><\/table>\t\t\t\t\t\t<\/div>\n\t\t\t\t<\/div>\n\t\t\t\t\t<\/div>\n\t\t<\/div>\n\t\t\t\t\t\t\t<\/div>\n\t\t<\/section>\n\t\t\t\t<section class=\"elementor-section elementor-top-section elementor-element elementor-element-9c3126b elementor-section-stretched elementor-section-boxed elementor-section-height-default elementor-section-height-default\" data-id=\"9c3126b\" data-element_type=\"section\" data-settings=\"{&quot;stretch_section&quot;:&quot;section-stretched&quot;}\">\n\t\t\t\t\t\t<div class=\"elementor-container elementor-column-gap-default\">\n\t\t\t\t\t<div class=\"elementor-column elementor-col-100 elementor-top-column elementor-element elementor-element-a077a06\" data-id=\"a077a06\" data-element_type=\"column\">\n\t\t\t<div class=\"elementor-widget-wrap elementor-element-populated\">\n\t\t\t\t\t\t\t\t<div class=\"elementor-element elementor-element-1c7a233 elementor-widget elementor-widget-image-gallery\" data-id=\"1c7a233\" data-element_type=\"widget\" data-widget_type=\"image-gallery.default\">\n\t\t\t\t<div class=\"elementor-widget-container\">\n\t\t\t\t\t<div class=\"elementor-image-gallery\">\n\t\t\t<div id='gallery-1' class='gallery galleryid-392 gallery-columns-6 gallery-size-thumbnail'><figure class='gallery-item'>\n\t\t\t<div class='gallery-icon landscape'>\n\t\t\t\t<a data-elementor-open-lightbox=\"yes\" data-elementor-lightbox-slideshow=\"1c7a233\" data-elementor-lightbox-title=\"paslanmaz saclar\" href='https:\/\/profildemiri.com\/wp-content\/uploads\/2021\/10\/paslanmaz-saclar.jpg'><img loading=\"lazy\" decoding=\"async\" width=\"150\" height=\"150\" src=\"https:\/\/profildemiri.com\/wp-content\/uploads\/2021\/10\/paslanmaz-saclar-150x150.jpg\" class=\"attachment-thumbnail size-thumbnail\" alt=\"\" \/><\/a>\n\t\t\t<\/div><\/figure><figure class='gallery-item'>\n\t\t\t<div class='gallery-icon landscape'>\n\t\t\t\t<a data-elementor-open-lightbox=\"yes\" data-elementor-lightbox-slideshow=\"1c7a233\" data-elementor-lightbox-title=\"paslanmaz saclar2\" href='https:\/\/profildemiri.com\/wp-content\/uploads\/2021\/10\/paslanmaz-saclar2.jpg'><img loading=\"lazy\" decoding=\"async\" width=\"150\" height=\"150\" src=\"https:\/\/profildemiri.com\/wp-content\/uploads\/2021\/10\/paslanmaz-saclar2-150x150.jpg\" class=\"attachment-thumbnail size-thumbnail\" alt=\"\" \/><\/a>\n\t\t\t<\/div><\/figure><figure class='gallery-item'>\n\t\t\t<div class='gallery-icon landscape'>\n\t\t\t\t<a data-elementor-open-lightbox=\"yes\" data-elementor-lightbox-slideshow=\"1c7a233\" data-elementor-lightbox-title=\"paslanmaz saclar3\" href='https:\/\/profildemiri.com\/wp-content\/uploads\/2021\/10\/paslanmaz-saclar3.jpg'><img loading=\"lazy\" decoding=\"async\" width=\"150\" height=\"150\" src=\"https:\/\/profildemiri.com\/wp-content\/uploads\/2021\/10\/paslanmaz-saclar3-150x150.jpg\" class=\"attachment-thumbnail size-thumbnail\" alt=\"\" \/><\/a>\n\t\t\t<\/div><\/figure><figure class='gallery-item'>\n\t\t\t<div class='gallery-icon landscape'>\n\t\t\t\t<a data-elementor-open-lightbox=\"yes\" data-elementor-lightbox-slideshow=\"1c7a233\" data-elementor-lightbox-title=\"paslanmaz saclar4\" href='https:\/\/profildemiri.com\/wp-content\/uploads\/2021\/10\/paslanmaz-saclar4.jpg'><img loading=\"lazy\" decoding=\"async\" width=\"150\" height=\"150\" src=\"https:\/\/profildemiri.com\/wp-content\/uploads\/2021\/10\/paslanmaz-saclar4-150x150.jpg\" class=\"attachment-thumbnail size-thumbnail\" alt=\"\" \/><\/a>\n\t\t\t<\/div><\/figure><figure class='gallery-item'>\n\t\t\t<div class='gallery-icon landscape'>\n\t\t\t\t<a data-elementor-open-lightbox=\"yes\" data-elementor-lightbox-slideshow=\"1c7a233\" data-elementor-lightbox-title=\"paslanmaz saclar5\" href='https:\/\/profildemiri.com\/wp-content\/uploads\/2021\/10\/paslanmaz-saclar5.jpg'><img loading=\"lazy\" decoding=\"async\" width=\"150\" height=\"150\" src=\"https:\/\/profildemiri.com\/wp-content\/uploads\/2021\/10\/paslanmaz-saclar5-150x150.jpg\" class=\"attachment-thumbnail size-thumbnail\" alt=\"\" \/><\/a>\n\t\t\t<\/div><\/figure><figure class='gallery-item'>\n\t\t\t<div class='gallery-icon landscape'>\n\t\t\t\t<a data-elementor-open-lightbox=\"yes\" data-elementor-lightbox-slideshow=\"1c7a233\" data-elementor-lightbox-title=\"paslanmaz saclar6\" href='https:\/\/profildemiri.com\/wp-content\/uploads\/2021\/10\/paslanmaz-saclar6.jpg'><img loading=\"lazy\" decoding=\"async\" width=\"150\" height=\"150\" src=\"https:\/\/profildemiri.com\/wp-content\/uploads\/2021\/10\/paslanmaz-saclar6-150x150.jpg\" class=\"attachment-thumbnail size-thumbnail\" alt=\"\" \/><\/a>\n\t\t\t<\/div><\/figure>\n\t\t<\/div>\n\t\t<\/div>\n\t\t\t\t<\/div>\n\t\t\t\t<\/div>\n\t\t\t\t\t<\/div>\n\t\t<\/div>\n\t\t\t\t\t\t\t<\/div>\n\t\t<\/section>\n\t\t\t\t\t\t<\/div>\n\t\t\t\t\t<\/div>\n\t\t","protected":false},"excerpt":{"rendered":"<p>Karbon malzeme gruplar\u0131ndan yararlan\u0131l\u0131p \u00fcretimi yap\u0131lan, i\u00e7eri\u011finde en az %10,5 krom bulunan demir esasl\u0131 bir ala\u015f\u0131m olan paslanmaz \u00e7elik saclar, g\u00fcn\u00fcm\u00fcz \u015fartlar\u0131nda kroumun olmas\u0131yla beraber oksidasyona diren\u00e7li olup paslanmaz \u00f6zelli\u011fi etkin \u015fekilde bulunan \u00fcr\u00fcnlerdir.\u00a0 Bir\u00e7ok uygulama, kullan\u0131m ama\u00e7l\u0131 tasarlanan bir\u00e7ok alanda paslanmaz \u00e7elik ailesi bulunurken g\u00fcn\u00fcm\u00fczde de paslanmaz \u00e7elik saclar, \u00e7e\u015fitli i\u015fleme, s\u0131cakl\u0131k ve mukavemet [&hellip;]<\/p>\n","protected":false},"author":1,"featured_media":0,"parent":0,"menu_order":0,"comment_status":"closed","ping_status":"closed","template":"","meta":{"footnotes":""},"class_list":["post-392","page","type-page","status-publish","hentry","entry"],"_links":{"self":[{"href":"https:\/\/profildemiri.com\/index.php\/wp-json\/wp\/v2\/pages\/392","targetHints":{"allow":["GET"]}}],"collection":[{"href":"https:\/\/profildemiri.com\/index.php\/wp-json\/wp\/v2\/pages"}],"about":[{"href":"https:\/\/profildemiri.com\/index.php\/wp-json\/wp\/v2\/types\/page"}],"author":[{"embeddable":true,"href":"https:\/\/profildemiri.com\/index.php\/wp-json\/wp\/v2\/users\/1"}],"replies":[{"embeddable":true,"href":"https:\/\/profildemiri.com\/index.php\/wp-json\/wp\/v2\/comments?post=392"}],"version-history":[{"count":4,"href":"https:\/\/profildemiri.com\/index.php\/wp-json\/wp\/v2\/pages\/392\/revisions"}],"predecessor-version":[{"id":403,"href":"https:\/\/profildemiri.com\/index.php\/wp-json\/wp\/v2\/pages\/392\/revisions\/403"}],"wp:attachment":[{"href":"https:\/\/profildemiri.com\/index.php\/wp-json\/wp\/v2\/media?parent=392"}],"curies":[{"name":"wp","href":"https:\/\/api.w.org\/{rel}","templated":true}]}}