{"id":379,"date":"2021-10-03T23:26:51","date_gmt":"2021-10-03T20:26:51","guid":{"rendered":"http:\/\/profildemiri.com\/?page_id=379"},"modified":"2021-10-03T23:31:58","modified_gmt":"2021-10-03T20:31:58","slug":"galvanizli-saclar","status":"publish","type":"page","link":"https:\/\/profildemiri.com\/index.php\/galvanizli-saclar\/","title":{"rendered":"Galvanizli Saclar"},"content":{"rendered":"\t\t<div data-elementor-type=\"wp-page\" data-elementor-id=\"379\" class=\"elementor elementor-379\" data-elementor-settings=\"[]\">\n\t\t\t\t\t\t\t<div class=\"elementor-section-wrap\">\n\t\t\t\t\t\t\t<section class=\"elementor-section elementor-top-section elementor-element elementor-element-dafc1f3 elementor-section-stretched elementor-section-boxed elementor-section-height-default elementor-section-height-default\" data-id=\"dafc1f3\" data-element_type=\"section\" data-settings=\"{&quot;stretch_section&quot;:&quot;section-stretched&quot;}\">\n\t\t\t\t\t\t<div class=\"elementor-container elementor-column-gap-default\">\n\t\t\t\t\t<div class=\"elementor-column elementor-col-100 elementor-top-column elementor-element elementor-element-5c40177\" data-id=\"5c40177\" data-element_type=\"column\">\n\t\t\t<div class=\"elementor-widget-wrap elementor-element-populated\">\n\t\t\t\t\t\t\t\t<div class=\"elementor-element elementor-element-8861861 elementor-widget elementor-widget-text-editor\" data-id=\"8861861\" data-element_type=\"widget\" data-widget_type=\"text-editor.default\">\n\t\t\t\t<div class=\"elementor-widget-container\">\n\t\t\t\t\t\t\t\t<p>Sac \u00e7e\u015fitleri i\u00e7erisinde yer alan galvanizli saclar karbon \u00e7elik olup bu \u00fcr\u00fcnlerin her iki y\u00f6n\u00fc de \u00e7inko kapl\u0131d\u0131r. S\u0131cak dald\u0131rma y\u00f6ntemi sayesinde her iki k\u0131sm\u0131n da \u00e7inko kapl\u0131 olmas\u0131 i\u00e7in gerekli i\u015flemler uygulanmaktad\u0131r..<\/p><p>Bu i\u015flem neticesinde elde edilen \u00e7inko tabakas\u0131 baz \u00e7elik i\u00e7in do\u011frudan yap\u0131lm\u0131\u015f olan, kar tanesi ya da par\u00e7al\u0131 tasar\u0131mlar\u0131yla \u00f6zel olarak \u00e7inko tabakas\u0131 elde edilir.<\/p><p>Galvanizli saclar;<\/p><p>\u25cf Sac ailesinin pek \u00e7ok \u00fcyesinde oldu\u011fu gibi otomotiv sekt\u00f6r\u00fcnde s\u0131kl\u0131kla tercih edilirler.<br \/>\u25cf Havaland\u0131rma altyap\u0131s\u0131n\u0131 en do\u011fru \u015fekilde hizmete a\u00e7\u0131k hale getirmek i\u00e7in kullan\u0131lan tesisat altyap\u0131s\u0131na (HVAC) dair t\u00fcm ekipmanlarda kullan\u0131lmaktad\u0131r.<br \/>\u25cf \u00c7ocuk oyunu alan\u0131 ekipmanlar\u0131nda kullan\u0131rlar.<br \/>\u25cf Uygun ko\u015fullar sa\u011fland\u0131\u011f\u0131 takdirde \u00e7at\u0131 \u00fcr\u00fcn\u00fc olarak kullan\u0131l\u0131rlar.<br \/>\u25cf Metal ya da prefabrik yap\u0131larda kullan\u0131l\u0131rlar.<br \/>\u25cf Sahip oldu\u011fu genel nitelikleri itibar\u0131 ile elektrik kutular\u0131nda kullan\u0131m\u0131 s\u00f6z konusudur.<\/p>\t\t\t\t\t\t<\/div>\n\t\t\t\t<\/div>\n\t\t\t\t\t<\/div>\n\t\t<\/div>\n\t\t\t\t\t\t\t<\/div>\n\t\t<\/section>\n\t\t\t\t<section class=\"elementor-section elementor-top-section elementor-element elementor-element-7a7dc98 elementor-section-stretched elementor-section-boxed elementor-section-height-default elementor-section-height-default\" data-id=\"7a7dc98\" data-element_type=\"section\" data-settings=\"{&quot;stretch_section&quot;:&quot;section-stretched&quot;}\">\n\t\t\t\t\t\t<div class=\"elementor-container elementor-column-gap-default\">\n\t\t\t\t\t<div class=\"elementor-column elementor-col-100 elementor-top-column elementor-element elementor-element-2db23d4\" data-id=\"2db23d4\" data-element_type=\"column\">\n\t\t\t<div class=\"elementor-widget-wrap elementor-element-populated\">\n\t\t\t\t\t\t\t\t<div class=\"elementor-element elementor-element-a0024f6 elementor-widget elementor-widget-heading\" data-id=\"a0024f6\" data-element_type=\"widget\" data-widget_type=\"heading.default\">\n\t\t\t\t<div class=\"elementor-widget-container\">\n\t\t\t<h2 class=\"elementor-heading-title elementor-size-default\">Galvanizli Saclar<\/h2>\t\t<\/div>\n\t\t\t\t<\/div>\n\t\t\t\t\t<\/div>\n\t\t<\/div>\n\t\t\t\t\t\t\t<\/div>\n\t\t<\/section>\n\t\t\t\t<section class=\"elementor-section elementor-top-section elementor-element elementor-element-145cc75 elementor-section-stretched elementor-section-boxed elementor-section-height-default elementor-section-height-default\" data-id=\"145cc75\" data-element_type=\"section\" data-settings=\"{&quot;stretch_section&quot;:&quot;section-stretched&quot;}\">\n\t\t\t\t\t\t<div class=\"elementor-container elementor-column-gap-default\">\n\t\t\t\t\t<div class=\"elementor-column elementor-col-100 elementor-top-column elementor-element elementor-element-0c4a820\" data-id=\"0c4a820\" data-element_type=\"column\">\n\t\t\t<div class=\"elementor-widget-wrap elementor-element-populated\">\n\t\t\t\t\t\t\t\t<div class=\"elementor-element elementor-element-d52673d elementor-widget elementor-widget-text-editor\" data-id=\"d52673d\" data-element_type=\"widget\" data-widget_type=\"text-editor.default\">\n\t\t\t\t<div class=\"elementor-widget-container\">\n\t\t\t\t\t\t\t\t<table border=\"0\" width=\"100%\" cellspacing=\"0\" cellpadding=\"0\"><tbody><tr><td colspan=\"7\"><strong>Teknik \u00d6zellikler<\/strong><\/td><\/tr><tr><td><strong>Kal\u0131nl\u0131k mm\u00a0<\/strong><\/td><td colspan=\"6\"><strong>Uzunluk mm<\/strong><\/td><\/tr><tr><td>\u00a0<\/td><td><strong>1000<\/strong><\/td><td><strong>2000<\/strong><\/td><td><strong>2400<\/strong><\/td><td><strong>3000<\/strong><\/td><td><strong>3500<\/strong><\/td><td><strong>4000<\/strong><\/td><\/tr><tr><td>\u00a0<\/td><td colspan=\"6\"><strong>Kg \/ m\u00b2<\/strong><\/td><\/tr><tr><td>0,30<\/td><td>2,38<\/td><td>4,76<\/td><td>5,71<\/td><td>7,14<\/td><td>8,33<\/td><td>9,52<\/td><\/tr><tr><td>0,35<\/td><td>2,53<\/td><td>5,06<\/td><td>6,07<\/td><td>7,59<\/td><td>8,86<\/td><td>10,12<\/td><\/tr><tr><td>0,40<\/td><td>2,93<\/td><td>5,86<\/td><td>7,03<\/td><td>8,79<\/td><td>10,26<\/td><td>11,72<\/td><\/tr><tr><td>0,45<\/td><td>3,34<\/td><td>6,68<\/td><td>8,02<\/td><td>10,02<\/td><td>11,69<\/td><td>13,36<\/td><\/tr><tr><td>0,50<\/td><td>4,00<\/td><td>8,00<\/td><td>9,60<\/td><td>12,00<\/td><td>14,00<\/td><td>16,00<\/td><\/tr><tr><td>0,60<\/td><td>4,98<\/td><td>9,96<\/td><td>11,95<\/td><td>14,94<\/td><td>17,43<\/td><td>19,92<\/td><\/tr><tr><td>0,70<\/td><td>5,77<\/td><td>11,54<\/td><td>13,85<\/td><td>17,31<\/td><td>20,20<\/td><td>23,08<\/td><\/tr><tr><td>0,80<\/td><td>6,56<\/td><td>13,12<\/td><td>15,74<\/td><td>19,68<\/td><td>22,96<\/td><td>26,24<\/td><\/tr><tr><td>0,90<\/td><td>7,35<\/td><td>14,70<\/td><td>17,64<\/td><td>22,05<\/td><td>25,73<\/td><td>29,40<\/td><\/tr><tr><td>1,00<\/td><td>8,14<\/td><td>16,28<\/td><td>19,54<\/td><td>24,42<\/td><td>28,49<\/td><td>35,56<\/td><\/tr><tr><td>1,20<\/td><td>9,78<\/td><td>19,56<\/td><td>23,47<\/td><td>29,34<\/td><td>34,23<\/td><td>39,12<\/td><\/tr><tr><td>1,50<\/td><td>12,16<\/td><td>24,32<\/td><td>29,18<\/td><td>36,48<\/td><td>42,56<\/td><td>48,64<\/td><\/tr><tr><td>2,00<\/td><td>16,10<\/td><td>32,20<\/td><td>38,64<\/td><td>48,30<\/td><td>56,35<\/td><td>64,40<\/td><\/tr><\/tbody><\/table><p>\u00a0<\/p>\t\t\t\t\t\t<\/div>\n\t\t\t\t<\/div>\n\t\t\t\t\t<\/div>\n\t\t<\/div>\n\t\t\t\t\t\t\t<\/div>\n\t\t<\/section>\n\t\t\t\t<section class=\"elementor-section elementor-top-section elementor-element elementor-element-9c3126b elementor-section-stretched elementor-section-boxed elementor-section-height-default elementor-section-height-default\" data-id=\"9c3126b\" data-element_type=\"section\" data-settings=\"{&quot;stretch_section&quot;:&quot;section-stretched&quot;}\">\n\t\t\t\t\t\t<div class=\"elementor-container elementor-column-gap-default\">\n\t\t\t\t\t<div class=\"elementor-column elementor-col-100 elementor-top-column elementor-element elementor-element-a077a06\" data-id=\"a077a06\" data-element_type=\"column\">\n\t\t\t<div class=\"elementor-widget-wrap elementor-element-populated\">\n\t\t\t\t\t\t\t\t<div class=\"elementor-element elementor-element-1c7a233 elementor-widget elementor-widget-image-gallery\" data-id=\"1c7a233\" data-element_type=\"widget\" data-widget_type=\"image-gallery.default\">\n\t\t\t\t<div class=\"elementor-widget-container\">\n\t\t\t\t\t<div class=\"elementor-image-gallery\">\n\t\t\t<div id='gallery-1' class='gallery galleryid-379 gallery-columns-6 gallery-size-thumbnail'><figure class='gallery-item'>\n\t\t\t<div class='gallery-icon landscape'>\n\t\t\t\t<a data-elementor-open-lightbox=\"yes\" data-elementor-lightbox-slideshow=\"1c7a233\" data-elementor-lightbox-title=\"galvanizli saclar\" href='https:\/\/profildemiri.com\/wp-content\/uploads\/2021\/10\/galvanizli-saclar.jpg'><img loading=\"lazy\" decoding=\"async\" width=\"150\" height=\"150\" src=\"https:\/\/profildemiri.com\/wp-content\/uploads\/2021\/10\/galvanizli-saclar-150x150.jpg\" class=\"attachment-thumbnail size-thumbnail\" alt=\"\" \/><\/a>\n\t\t\t<\/div><\/figure><figure class='gallery-item'>\n\t\t\t<div class='gallery-icon landscape'>\n\t\t\t\t<a data-elementor-open-lightbox=\"yes\" data-elementor-lightbox-slideshow=\"1c7a233\" data-elementor-lightbox-title=\"galvanizli saclar2\" href='https:\/\/profildemiri.com\/wp-content\/uploads\/2021\/10\/galvanizli-saclar2.jpg'><img loading=\"lazy\" decoding=\"async\" width=\"150\" height=\"150\" src=\"https:\/\/profildemiri.com\/wp-content\/uploads\/2021\/10\/galvanizli-saclar2-150x150.jpg\" class=\"attachment-thumbnail size-thumbnail\" alt=\"\" \/><\/a>\n\t\t\t<\/div><\/figure><figure class='gallery-item'>\n\t\t\t<div class='gallery-icon landscape'>\n\t\t\t\t<a data-elementor-open-lightbox=\"yes\" data-elementor-lightbox-slideshow=\"1c7a233\" data-elementor-lightbox-title=\"galvanizli saclar3\" href='https:\/\/profildemiri.com\/wp-content\/uploads\/2021\/10\/galvanizli-saclar3.jpg'><img loading=\"lazy\" decoding=\"async\" width=\"150\" height=\"147\" src=\"https:\/\/profildemiri.com\/wp-content\/uploads\/2021\/10\/galvanizli-saclar3-150x147.jpg\" class=\"attachment-thumbnail size-thumbnail\" alt=\"\" \/><\/a>\n\t\t\t<\/div><\/figure><figure class='gallery-item'>\n\t\t\t<div class='gallery-icon landscape'>\n\t\t\t\t<a data-elementor-open-lightbox=\"yes\" data-elementor-lightbox-slideshow=\"1c7a233\" data-elementor-lightbox-title=\"galvanizli saclar4\" href='https:\/\/profildemiri.com\/wp-content\/uploads\/2021\/10\/galvanizli-saclar4.jpg'><img loading=\"lazy\" decoding=\"async\" width=\"150\" height=\"150\" src=\"https:\/\/profildemiri.com\/wp-content\/uploads\/2021\/10\/galvanizli-saclar4-150x150.jpg\" class=\"attachment-thumbnail size-thumbnail\" alt=\"\" \/><\/a>\n\t\t\t<\/div><\/figure><figure class='gallery-item'>\n\t\t\t<div class='gallery-icon landscape'>\n\t\t\t\t<a data-elementor-open-lightbox=\"yes\" data-elementor-lightbox-slideshow=\"1c7a233\" data-elementor-lightbox-title=\"galvanizli saclar5\" href='https:\/\/profildemiri.com\/wp-content\/uploads\/2021\/10\/galvanizli-saclar5.jpg'><img loading=\"lazy\" decoding=\"async\" width=\"150\" height=\"147\" src=\"https:\/\/profildemiri.com\/wp-content\/uploads\/2021\/10\/galvanizli-saclar5-150x147.jpg\" class=\"attachment-thumbnail size-thumbnail\" alt=\"\" \/><\/a>\n\t\t\t<\/div><\/figure><figure class='gallery-item'>\n\t\t\t<div class='gallery-icon landscape'>\n\t\t\t\t<a data-elementor-open-lightbox=\"yes\" data-elementor-lightbox-slideshow=\"1c7a233\" data-elementor-lightbox-title=\"galvanizli saclar6\" href='https:\/\/profildemiri.com\/wp-content\/uploads\/2021\/10\/galvanizli-saclar6.jpg'><img loading=\"lazy\" decoding=\"async\" width=\"150\" height=\"150\" src=\"https:\/\/profildemiri.com\/wp-content\/uploads\/2021\/10\/galvanizli-saclar6-150x150.jpg\" class=\"attachment-thumbnail size-thumbnail\" alt=\"\" \/><\/a>\n\t\t\t<\/div><\/figure>\n\t\t<\/div>\n\t\t<\/div>\n\t\t\t\t<\/div>\n\t\t\t\t<\/div>\n\t\t\t\t\t<\/div>\n\t\t<\/div>\n\t\t\t\t\t\t\t<\/div>\n\t\t<\/section>\n\t\t\t\t\t\t<\/div>\n\t\t\t\t\t<\/div>\n\t\t","protected":false},"excerpt":{"rendered":"<p>Sac \u00e7e\u015fitleri i\u00e7erisinde yer alan galvanizli saclar karbon \u00e7elik olup bu \u00fcr\u00fcnlerin her iki y\u00f6n\u00fc de \u00e7inko kapl\u0131d\u0131r. S\u0131cak dald\u0131rma y\u00f6ntemi sayesinde her iki k\u0131sm\u0131n da \u00e7inko kapl\u0131 olmas\u0131 i\u00e7in gerekli i\u015flemler uygulanmaktad\u0131r.. Bu i\u015flem neticesinde elde edilen \u00e7inko tabakas\u0131 baz \u00e7elik i\u00e7in do\u011frudan yap\u0131lm\u0131\u015f olan, kar tanesi ya da par\u00e7al\u0131 tasar\u0131mlar\u0131yla \u00f6zel olarak \u00e7inko [&hellip;]<\/p>\n","protected":false},"author":1,"featured_media":0,"parent":0,"menu_order":0,"comment_status":"closed","ping_status":"closed","template":"","meta":{"footnotes":""},"class_list":["post-379","page","type-page","status-publish","hentry","entry"],"_links":{"self":[{"href":"https:\/\/profildemiri.com\/index.php\/wp-json\/wp\/v2\/pages\/379","targetHints":{"allow":["GET"]}}],"collection":[{"href":"https:\/\/profildemiri.com\/index.php\/wp-json\/wp\/v2\/pages"}],"about":[{"href":"https:\/\/profildemiri.com\/index.php\/wp-json\/wp\/v2\/types\/page"}],"author":[{"embeddable":true,"href":"https:\/\/profildemiri.com\/index.php\/wp-json\/wp\/v2\/users\/1"}],"replies":[{"embeddable":true,"href":"https:\/\/profildemiri.com\/index.php\/wp-json\/wp\/v2\/comments?post=379"}],"version-history":[{"count":4,"href":"https:\/\/profildemiri.com\/index.php\/wp-json\/wp\/v2\/pages\/379\/revisions"}],"predecessor-version":[{"id":390,"href":"https:\/\/profildemiri.com\/index.php\/wp-json\/wp\/v2\/pages\/379\/revisions\/390"}],"wp:attachment":[{"href":"https:\/\/profildemiri.com\/index.php\/wp-json\/wp\/v2\/media?parent=379"}],"curies":[{"name":"wp","href":"https:\/\/api.w.org\/{rel}","templated":true}]}}