{"id":336,"date":"2021-10-03T22:49:56","date_gmt":"2021-10-03T19:49:56","guid":{"rendered":"http:\/\/profildemiri.com\/?page_id=336"},"modified":"2021-10-03T22:57:39","modified_gmt":"2021-10-03T19:57:39","slug":"kosebent-demirleri","status":"publish","type":"page","link":"https:\/\/profildemiri.com\/index.php\/kosebent-demirleri\/","title":{"rendered":"K\u00f6\u015febent Demirleri"},"content":{"rendered":"\t\t<div data-elementor-type=\"wp-page\" data-elementor-id=\"336\" class=\"elementor elementor-336\" data-elementor-settings=\"[]\">\n\t\t\t\t\t\t\t<div class=\"elementor-section-wrap\">\n\t\t\t\t\t\t\t<section class=\"elementor-section elementor-top-section elementor-element elementor-element-dafc1f3 elementor-section-stretched elementor-section-boxed elementor-section-height-default elementor-section-height-default\" data-id=\"dafc1f3\" data-element_type=\"section\" data-settings=\"{&quot;stretch_section&quot;:&quot;section-stretched&quot;}\">\n\t\t\t\t\t\t<div class=\"elementor-container elementor-column-gap-default\">\n\t\t\t\t\t<div class=\"elementor-column elementor-col-100 elementor-top-column elementor-element elementor-element-5c40177\" data-id=\"5c40177\" data-element_type=\"column\">\n\t\t\t<div class=\"elementor-widget-wrap elementor-element-populated\">\n\t\t\t\t\t\t\t\t<div class=\"elementor-element elementor-element-8861861 elementor-widget elementor-widget-text-editor\" data-id=\"8861861\" data-element_type=\"widget\" data-widget_type=\"text-editor.default\">\n\t\t\t\t<div class=\"elementor-widget-container\">\n\t\t\t\t\t\t\t\t<p>Geni\u015f bir kullan\u0131m yelpazesi olan ve \u00f6l\u00e7\u00fc \u015fekillerine g\u00f6re e\u015fitkenar ve \u00e7e\u015fitkenar olarak iki ayr\u0131 kategoride isimlendirilen <strong>k\u00f6\u015febentler<\/strong>\u00a0S235JR (ST37), S275JR (ST44) ve S355JR (ST52) kalitelerinde s\u0131cak haddelenmi\u015f hammaddeler kullan\u0131larak \u00fcretilmektedir.<\/p><p>\u00d6nemli bir yap\u0131 malzemesi olan k\u00f6\u015febentler EN 10056 \u2013 ASTM A6 \u00fcretim normlar\u0131na g\u00f6re standart olarak 6 metre boyunda \u00fcretilmekte, \u00f6zel istek do\u011frultusunda ise farkl\u0131 boy \u00f6l\u00e7\u00fclerinde imal edilebilmektedir.<\/p>\t\t\t\t\t\t<\/div>\n\t\t\t\t<\/div>\n\t\t\t\t\t<\/div>\n\t\t<\/div>\n\t\t\t\t\t\t\t<\/div>\n\t\t<\/section>\n\t\t\t\t<section class=\"elementor-section elementor-top-section elementor-element elementor-element-7a7dc98 elementor-section-stretched elementor-section-boxed elementor-section-height-default elementor-section-height-default\" data-id=\"7a7dc98\" data-element_type=\"section\" data-settings=\"{&quot;stretch_section&quot;:&quot;section-stretched&quot;}\">\n\t\t\t\t\t\t<div class=\"elementor-container elementor-column-gap-default\">\n\t\t\t\t\t<div class=\"elementor-column elementor-col-50 elementor-top-column elementor-element elementor-element-2db23d4\" data-id=\"2db23d4\" data-element_type=\"column\">\n\t\t\t<div class=\"elementor-widget-wrap elementor-element-populated\">\n\t\t\t\t\t\t\t\t<div class=\"elementor-element elementor-element-a0024f6 elementor-widget elementor-widget-heading\" data-id=\"a0024f6\" data-element_type=\"widget\" data-widget_type=\"heading.default\">\n\t\t\t\t<div class=\"elementor-widget-container\">\n\t\t\t<h2 class=\"elementor-heading-title elementor-size-default\">E\u015fitkenar K\u00f6\u015febentler<\/h2>\t\t<\/div>\n\t\t\t\t<\/div>\n\t\t\t\t\t<\/div>\n\t\t<\/div>\n\t\t\t\t<div class=\"elementor-column elementor-col-50 elementor-top-column elementor-element elementor-element-ecff637\" data-id=\"ecff637\" data-element_type=\"column\">\n\t\t\t<div class=\"elementor-widget-wrap elementor-element-populated\">\n\t\t\t\t\t\t\t\t<div class=\"elementor-element elementor-element-3506efe elementor-widget elementor-widget-heading\" data-id=\"3506efe\" data-element_type=\"widget\" data-widget_type=\"heading.default\">\n\t\t\t\t<div class=\"elementor-widget-container\">\n\t\t\t<h2 class=\"elementor-heading-title elementor-size-default\">\u00c7e\u015fitkenar K\u00f6\u015febentler<\/h2>\t\t<\/div>\n\t\t\t\t<\/div>\n\t\t\t\t\t<\/div>\n\t\t<\/div>\n\t\t\t\t\t\t\t<\/div>\n\t\t<\/section>\n\t\t\t\t<section class=\"elementor-section elementor-top-section elementor-element elementor-element-145cc75 elementor-section-stretched elementor-section-boxed elementor-section-height-default elementor-section-height-default\" data-id=\"145cc75\" data-element_type=\"section\" data-settings=\"{&quot;stretch_section&quot;:&quot;section-stretched&quot;}\">\n\t\t\t\t\t\t<div class=\"elementor-container elementor-column-gap-default\">\n\t\t\t\t\t<div class=\"elementor-column elementor-col-50 elementor-top-column elementor-element elementor-element-0c4a820\" data-id=\"0c4a820\" data-element_type=\"column\">\n\t\t\t<div class=\"elementor-widget-wrap elementor-element-populated\">\n\t\t\t\t\t\t\t\t<div class=\"elementor-element elementor-element-d52673d elementor-widget elementor-widget-text-editor\" data-id=\"d52673d\" data-element_type=\"widget\" data-widget_type=\"text-editor.default\">\n\t\t\t\t<div class=\"elementor-widget-container\">\n\t\t\t\t\t\t\t\t<p><img loading=\"lazy\" decoding=\"async\" class=\"alignnone wp-image-338 size-full\" src=\"http:\/\/profildemiri.com\/wp-content\/uploads\/2021\/10\/esit-kenar-kosebent.jpg\" alt=\"\" width=\"670\" height=\"495\" srcset=\"https:\/\/profildemiri.com\/wp-content\/uploads\/2021\/10\/esit-kenar-kosebent.jpg 670w, https:\/\/profildemiri.com\/wp-content\/uploads\/2021\/10\/esit-kenar-kosebent-300x222.jpg 300w\" sizes=\"auto, (max-width: 670px) 100vw, 670px\" \/><\/p>\t\t\t\t\t\t<\/div>\n\t\t\t\t<\/div>\n\t\t\t\t<div class=\"elementor-element elementor-element-1c7a233 elementor-widget elementor-widget-image-gallery\" data-id=\"1c7a233\" data-element_type=\"widget\" data-widget_type=\"image-gallery.default\">\n\t\t\t\t<div class=\"elementor-widget-container\">\n\t\t\t\t\t<div class=\"elementor-image-gallery\">\n\t\t\t<div id='gallery-1' class='gallery galleryid-336 gallery-columns-1 gallery-size-full'><figure class='gallery-item'>\n\t\t\t<div class='gallery-icon landscape'>\n\t\t\t\t<a data-elementor-open-lightbox=\"yes\" data-elementor-lightbox-slideshow=\"1c7a233\" data-elementor-lightbox-title=\"kosebentler02_b11681941085334.JPG_1260281_buyuk\" href='https:\/\/profildemiri.com\/wp-content\/uploads\/2021\/10\/kosebentler02_b11681941085334.JPG_1260281_buyuk.jpg'><img loading=\"lazy\" decoding=\"async\" width=\"550\" height=\"346\" src=\"https:\/\/profildemiri.com\/wp-content\/uploads\/2021\/10\/kosebentler02_b11681941085334.JPG_1260281_buyuk.jpg\" class=\"attachment-full size-full\" alt=\"\" srcset=\"https:\/\/profildemiri.com\/wp-content\/uploads\/2021\/10\/kosebentler02_b11681941085334.JPG_1260281_buyuk.jpg 550w, https:\/\/profildemiri.com\/wp-content\/uploads\/2021\/10\/kosebentler02_b11681941085334.JPG_1260281_buyuk-300x189.jpg 300w\" sizes=\"auto, (max-width: 550px) 100vw, 550px\" \/><\/a>\n\t\t\t<\/div><\/figure>\n\t\t<\/div>\n\t\t<\/div>\n\t\t\t\t<\/div>\n\t\t\t\t<\/div>\n\t\t\t\t\t<\/div>\n\t\t<\/div>\n\t\t\t\t<div class=\"elementor-column elementor-col-50 elementor-top-column elementor-element elementor-element-20bf9a7\" data-id=\"20bf9a7\" data-element_type=\"column\">\n\t\t\t<div class=\"elementor-widget-wrap elementor-element-populated\">\n\t\t\t\t\t\t\t\t<div class=\"elementor-element elementor-element-6fe8a88 elementor-widget elementor-widget-text-editor\" data-id=\"6fe8a88\" data-element_type=\"widget\" data-widget_type=\"text-editor.default\">\n\t\t\t\t<div class=\"elementor-widget-container\">\n\t\t\t\t\t\t\t\t<p><img loading=\"lazy\" decoding=\"async\" class=\"alignnone size-full wp-image-339\" src=\"http:\/\/profildemiri.com\/wp-content\/uploads\/2021\/10\/cesit-kenar-kosebentler.jpg\" alt=\"\" width=\"670\" height=\"978\" srcset=\"https:\/\/profildemiri.com\/wp-content\/uploads\/2021\/10\/cesit-kenar-kosebentler.jpg 670w, https:\/\/profildemiri.com\/wp-content\/uploads\/2021\/10\/cesit-kenar-kosebentler-206x300.jpg 206w\" sizes=\"auto, (max-width: 670px) 100vw, 670px\" \/><\/p>\t\t\t\t\t\t<\/div>\n\t\t\t\t<\/div>\n\t\t\t\t\t<\/div>\n\t\t<\/div>\n\t\t\t\t\t\t\t<\/div>\n\t\t<\/section>\n\t\t\t\t<section class=\"elementor-section elementor-top-section elementor-element elementor-element-9c3126b elementor-section-stretched elementor-section-boxed elementor-section-height-default elementor-section-height-default\" data-id=\"9c3126b\" data-element_type=\"section\" data-settings=\"{&quot;stretch_section&quot;:&quot;section-stretched&quot;}\">\n\t\t\t\t\t\t<div class=\"elementor-container elementor-column-gap-default\">\n\t\t\t\t\t<div class=\"elementor-column elementor-col-100 elementor-top-column elementor-element elementor-element-a077a06\" data-id=\"a077a06\" data-element_type=\"column\">\n\t\t\t<div class=\"elementor-widget-wrap\">\n\t\t\t\t\t\t\t\t\t<\/div>\n\t\t<\/div>\n\t\t\t\t\t\t\t<\/div>\n\t\t<\/section>\n\t\t\t\t\t\t<\/div>\n\t\t\t\t\t<\/div>\n\t\t","protected":false},"excerpt":{"rendered":"<p>Geni\u015f bir kullan\u0131m yelpazesi olan ve \u00f6l\u00e7\u00fc \u015fekillerine g\u00f6re e\u015fitkenar ve \u00e7e\u015fitkenar olarak iki ayr\u0131 kategoride isimlendirilen k\u00f6\u015febentler\u00a0S235JR (ST37), S275JR (ST44) ve S355JR (ST52) kalitelerinde s\u0131cak haddelenmi\u015f hammaddeler kullan\u0131larak \u00fcretilmektedir. \u00d6nemli bir yap\u0131 malzemesi olan k\u00f6\u015febentler EN 10056 \u2013 ASTM A6 \u00fcretim normlar\u0131na g\u00f6re standart olarak 6 metre boyunda \u00fcretilmekte, \u00f6zel istek do\u011frultusunda ise farkl\u0131 [&hellip;]<\/p>\n","protected":false},"author":1,"featured_media":0,"parent":0,"menu_order":0,"comment_status":"closed","ping_status":"closed","template":"","meta":{"footnotes":""},"class_list":["post-336","page","type-page","status-publish","hentry","entry"],"_links":{"self":[{"href":"https:\/\/profildemiri.com\/index.php\/wp-json\/wp\/v2\/pages\/336","targetHints":{"allow":["GET"]}}],"collection":[{"href":"https:\/\/profildemiri.com\/index.php\/wp-json\/wp\/v2\/pages"}],"about":[{"href":"https:\/\/profildemiri.com\/index.php\/wp-json\/wp\/v2\/types\/page"}],"author":[{"embeddable":true,"href":"https:\/\/profildemiri.com\/index.php\/wp-json\/wp\/v2\/users\/1"}],"replies":[{"embeddable":true,"href":"https:\/\/profildemiri.com\/index.php\/wp-json\/wp\/v2\/comments?post=336"}],"version-history":[{"count":4,"href":"https:\/\/profildemiri.com\/index.php\/wp-json\/wp\/v2\/pages\/336\/revisions"}],"predecessor-version":[{"id":345,"href":"https:\/\/profildemiri.com\/index.php\/wp-json\/wp\/v2\/pages\/336\/revisions\/345"}],"wp:attachment":[{"href":"https:\/\/profildemiri.com\/index.php\/wp-json\/wp\/v2\/media?parent=336"}],"curies":[{"name":"wp","href":"https:\/\/api.w.org\/{rel}","templated":true}]}}