{"id":321,"date":"2021-10-03T22:30:42","date_gmt":"2021-10-03T19:30:42","guid":{"rendered":"http:\/\/profildemiri.com\/?page_id=321"},"modified":"2021-10-03T22:41:18","modified_gmt":"2021-10-03T19:41:18","slug":"siyah-ve-dkp-saclar","status":"publish","type":"page","link":"https:\/\/profildemiri.com\/index.php\/siyah-ve-dkp-saclar\/","title":{"rendered":"Siyah ve DKP Saclar"},"content":{"rendered":"\t\t<div data-elementor-type=\"wp-page\" data-elementor-id=\"321\" class=\"elementor elementor-321\" data-elementor-settings=\"[]\">\n\t\t\t\t\t\t\t<div class=\"elementor-section-wrap\">\n\t\t\t\t\t\t\t<section class=\"elementor-section elementor-top-section elementor-element elementor-element-dafc1f3 elementor-section-stretched elementor-section-boxed elementor-section-height-default elementor-section-height-default\" data-id=\"dafc1f3\" data-element_type=\"section\" data-settings=\"{&quot;stretch_section&quot;:&quot;section-stretched&quot;}\">\n\t\t\t\t\t\t<div class=\"elementor-container elementor-column-gap-default\">\n\t\t\t\t\t<div class=\"elementor-column elementor-col-100 elementor-top-column elementor-element elementor-element-5c40177\" data-id=\"5c40177\" data-element_type=\"column\">\n\t\t\t<div class=\"elementor-widget-wrap elementor-element-populated\">\n\t\t\t\t\t\t\t\t<div class=\"elementor-element elementor-element-8861861 elementor-widget elementor-widget-text-editor\" data-id=\"8861861\" data-element_type=\"widget\" data-widget_type=\"text-editor.default\">\n\t\t\t\t<div class=\"elementor-widget-container\">\n\t\t\t\t\t\t\t\t<p><strong><u>Dkp sac ve Siyah saclar<\/u>\u00a0 &#8211; \u00a0<u>Dkp \u00f6zellikleri<\/u>\u00a0 &#8211; \u00a0<u>Siyah sac \u00f6zellikleri<\/u><\/strong><\/p><p><strong>DKP<\/strong>\u00a0S\u0131v\u0131 hale getirilen \u00e7eli\u011fin, s\u00fcrekli d\u00f6k\u00fcm y\u00f6ntemi izlenerek so\u011futma i\u015flemi ile kat\u0131la\u015ft\u0131r\u0131lmas\u0131 sonucu meydana gelen, dikd\u00f6rtgen kesitli veya rulo haline getirilen \u00fcr\u00fcn\u00fcn, haddelenmesi ile elde edilen ve kal\u0131nl\u0131klar\u0131 1,00mm &#8211; 20,00 mm aral\u0131\u011f\u0131nda de\u011fi\u015fen dkp rulo veya dkp sac \u015feklindeki yass\u0131 metallerdir.<\/p><p>\u00a0<strong>Siyah sac<\/strong>\u00a0metal ve dkp sa\u00e7lar lazerde kesim i\u00e7in uygun malzemelerdir. DKP \u00e7eli\u011fin lazerle kesim sayesinde zamandan maksimum fayda sa\u011flanabilir. Kal\u0131p maliyeti gibi ekstra maliyetler en aza indirgenmi\u015f olur.\u00a0<strong>DKP sac\u00a0<\/strong>malzemeler \u00e7apaks\u0131z \u2013 p\u00fcr\u00fczs\u00fcz olarak \u00fcretildi\u011fi gibi son kullan\u0131c\u0131ya ula\u015ft\u0131r\u0131lmas\u0131 sa\u011flan\u0131r. DKP rulo sac ve Dkp sac metaller iyi derecede kaynak tutarlar. Dkp sa\u00e7lar\u0131n kullan\u0131m alanlar\u0131 \u00e7ok yayg\u0131nd\u0131r ve DKP saclar \u00e7ok ama\u00e7l\u0131 bir demir \u00e7elik \u00fcr\u00fcn\u00fcd\u00fcr.\u00a0<\/p><p><strong><u>DKP Sa\u00e7 Kullan\u0131m Alanlar\u0131:<\/u><\/strong><\/p><p>Dkp sa\u00e7lar beyaz e\u015fya \u00fcr\u00fcnleri \u00fcretiminde, otomotiv sanayiinde g\u00f6r\u00fcn\u00fcr- g\u00f6r\u00fcnmez par\u00e7a olarak, b\u00fcro malzemeleri imalat\u0131nda, ayd\u0131nlatma ekipmanlar\u0131 imalat\u0131nda ve \u00f6zellikle galvaniz kaplama yap\u0131lacak \u00fcr\u00fcnlere kadar pek \u00e7ok alan ve sekt\u00f6rde hammadde olarak kullan\u0131lmaktad\u0131r.\u00a0<\/p><p><u><strong>Dkp Sac \u00d6zellikleri:<\/strong><\/u><br \/>Dkp saclar\u0131n derin \u00e7ekme \u00f6zelli\u011fi, tokluk ve s\u00fcneklik isteyen uygulamalara m\u00fcsait olmas\u0131 tercih edilme sebeplerinin ba\u015f\u0131nda gelir. Dkp rulo sa\u00e7 ve Dkp sa\u00e7 Plakalar Kolay \u015fekillendirilme ve kaynak tutma \u00f6zelli\u011fi bu dkp sac \u00fcr\u00fcnlerini beyaz e\u015fya sekt\u00f6r\u00fcn\u00fcn vazge\u00e7ilmezleri aras\u0131na sokmu\u015ftur. Dkp sac\u0131n emaye kaplamaya uygun olmas\u0131 sebebiyle daha \u00e7ok mutfak e\u015fyalar\u0131nda kullan\u0131l\u0131r. Bunlar\u0131n d\u0131\u015f\u0131nda gemi in\u015fas\u0131nda, asans\u00f6r yap\u0131m\u0131nda kimya ve g\u0131da sekt\u00f6r\u00fcnde bu \u00fcr\u00fcnden bolca ve s\u00fcrekli olarak yararlan\u0131lmaktad\u0131r.<\/p><p>DKP sac rulo,\u00a0dkp sac plaka,\u00a0dkp,\u00a0dkp \u015ferit dilme,\u00a0dkp plaka kesme, cr sac, cr dilme sac, dkp lama olarak hizmet sunulabilir.\u00a0<\/p>\t\t\t\t\t\t<\/div>\n\t\t\t\t<\/div>\n\t\t\t\t\t<\/div>\n\t\t<\/div>\n\t\t\t\t\t\t\t<\/div>\n\t\t<\/section>\n\t\t\t\t<section class=\"elementor-section elementor-top-section elementor-element elementor-element-7a7dc98 elementor-section-stretched elementor-section-boxed elementor-section-height-default elementor-section-height-default\" data-id=\"7a7dc98\" data-element_type=\"section\" data-settings=\"{&quot;stretch_section&quot;:&quot;section-stretched&quot;}\">\n\t\t\t\t\t\t<div class=\"elementor-container elementor-column-gap-default\">\n\t\t\t\t\t<div class=\"elementor-column elementor-col-50 elementor-top-column elementor-element elementor-element-2db23d4\" data-id=\"2db23d4\" data-element_type=\"column\">\n\t\t\t<div class=\"elementor-widget-wrap elementor-element-populated\">\n\t\t\t\t\t\t\t\t<div class=\"elementor-element elementor-element-a0024f6 elementor-widget elementor-widget-heading\" data-id=\"a0024f6\" data-element_type=\"widget\" data-widget_type=\"heading.default\">\n\t\t\t\t<div class=\"elementor-widget-container\">\n\t\t\t<h2 class=\"elementor-heading-title elementor-size-default\">DKP Saclar<\/h2>\t\t<\/div>\n\t\t\t\t<\/div>\n\t\t\t\t\t<\/div>\n\t\t<\/div>\n\t\t\t\t<div class=\"elementor-column elementor-col-50 elementor-top-column elementor-element elementor-element-ecff637\" data-id=\"ecff637\" data-element_type=\"column\">\n\t\t\t<div class=\"elementor-widget-wrap elementor-element-populated\">\n\t\t\t\t\t\t\t\t<div class=\"elementor-element elementor-element-3506efe elementor-widget elementor-widget-heading\" data-id=\"3506efe\" data-element_type=\"widget\" data-widget_type=\"heading.default\">\n\t\t\t\t<div class=\"elementor-widget-container\">\n\t\t\t<h2 class=\"elementor-heading-title elementor-size-default\">Siyah Saclar<\/h2>\t\t<\/div>\n\t\t\t\t<\/div>\n\t\t\t\t\t<\/div>\n\t\t<\/div>\n\t\t\t\t\t\t\t<\/div>\n\t\t<\/section>\n\t\t\t\t<section class=\"elementor-section elementor-top-section elementor-element elementor-element-145cc75 elementor-section-stretched elementor-section-boxed elementor-section-height-default elementor-section-height-default\" data-id=\"145cc75\" data-element_type=\"section\" data-settings=\"{&quot;stretch_section&quot;:&quot;section-stretched&quot;}\">\n\t\t\t\t\t\t<div class=\"elementor-container elementor-column-gap-default\">\n\t\t\t\t\t<div class=\"elementor-column elementor-col-50 elementor-top-column elementor-element elementor-element-0c4a820\" data-id=\"0c4a820\" data-element_type=\"column\">\n\t\t\t<div class=\"elementor-widget-wrap elementor-element-populated\">\n\t\t\t\t\t\t\t\t<div class=\"elementor-element elementor-element-d52673d elementor-widget elementor-widget-text-editor\" data-id=\"d52673d\" data-element_type=\"widget\" data-widget_type=\"text-editor.default\">\n\t\t\t\t<div class=\"elementor-widget-container\">\n\t\t\t\t\t\t\t\t<table border=\"0\" width=\"100%\" cellspacing=\"0\" cellpadding=\"0\"><tbody><tr><td><strong>Kal\u0131nl\u0131k mm<\/strong><\/td><td><strong>A\u011f\u0131rl\u0131k kg\/ m\u00b2<\/strong><\/td><td><strong>Kal\u0131nl\u0131k mm<\/strong><\/td><td><strong>A\u011f\u0131rl\u0131k kg\/ m\u00b2<\/strong><\/td><\/tr><tr><td>1<\/td><td>8<\/td><td>13<\/td><td>104<\/td><\/tr><tr><td>1,5<\/td><td>12<\/td><td>14<\/td><td>112<\/td><\/tr><tr><td>2<\/td><td>16<\/td><td>15<\/td><td>120<\/td><\/tr><tr><td>2,5<\/td><td>20<\/td><td>16<\/td><td>128<\/td><\/tr><tr><td>3<\/td><td>24<\/td><td>17<\/td><td>136<\/td><\/tr><tr><td>3,5<\/td><td>28<\/td><td>18<\/td><td>144<\/td><\/tr><tr><td>4<\/td><td>32<\/td><td>19<\/td><td>152<\/td><\/tr><tr><td>5<\/td><td>40<\/td><td>20<\/td><td>160<\/td><\/tr><tr><td>6<\/td><td>48<\/td><td>22<\/td><td>176<\/td><\/tr><tr><td>7<\/td><td>56<\/td><td>25<\/td><td>200<\/td><\/tr><tr><td>8<\/td><td>64<\/td><td>28<\/td><td>224<\/td><\/tr><tr><td>9<\/td><td>72<\/td><td>30<\/td><td>240<\/td><\/tr><tr><td>10<\/td><td>80<\/td><td>35<\/td><td>280<\/td><\/tr><tr><td>11<\/td><td>88<\/td><td>45<\/td><td>360<\/td><\/tr><tr><td>12<\/td><td>96<\/td><td>50<\/td><td>400<\/td><\/tr><\/tbody><\/table>\t\t\t\t\t\t<\/div>\n\t\t\t\t<\/div>\n\t\t\t\t\t<\/div>\n\t\t<\/div>\n\t\t\t\t<div class=\"elementor-column elementor-col-50 elementor-top-column elementor-element elementor-element-20bf9a7\" data-id=\"20bf9a7\" data-element_type=\"column\">\n\t\t\t<div class=\"elementor-widget-wrap elementor-element-populated\">\n\t\t\t\t\t\t\t\t<div class=\"elementor-element elementor-element-6fe8a88 elementor-widget elementor-widget-text-editor\" data-id=\"6fe8a88\" data-element_type=\"widget\" data-widget_type=\"text-editor.default\">\n\t\t\t\t<div class=\"elementor-widget-container\">\n\t\t\t\t\t\t\t\t<table border=\"0\" width=\"100%\" cellspacing=\"0\" cellpadding=\"0\"><tbody><tr><td><strong>Kal\u0131nl\u0131k mm<\/strong><\/td><td><strong>A\u011f\u0131rl\u0131k kg\/ m\u00b2<\/strong><\/td><td><strong>Kal\u0131nl\u0131k mm<\/strong><\/td><td><strong>A\u011f\u0131rl\u0131k kg\/ m\u00b2<\/strong><\/td><\/tr><tr><td>1<\/td><td>8<\/td><td>13<\/td><td>104<\/td><\/tr><tr><td>1,5<\/td><td>12<\/td><td>14<\/td><td>112<\/td><\/tr><tr><td>2<\/td><td>16<\/td><td>15<\/td><td>120<\/td><\/tr><tr><td>2,5<\/td><td>20<\/td><td>16<\/td><td>128<\/td><\/tr><tr><td>3<\/td><td>24<\/td><td>17<\/td><td>136<\/td><\/tr><tr><td>3,5<\/td><td>28<\/td><td>18<\/td><td>144<\/td><\/tr><tr><td>4<\/td><td>32<\/td><td>19<\/td><td>152<\/td><\/tr><tr><td>5<\/td><td>40<\/td><td>20<\/td><td>160<\/td><\/tr><tr><td>6<\/td><td>48<\/td><td>22<\/td><td>176<\/td><\/tr><tr><td>7<\/td><td>56<\/td><td>25<\/td><td>200<\/td><\/tr><tr><td>8<\/td><td>64<\/td><td>28<\/td><td>224<\/td><\/tr><tr><td>9<\/td><td>72<\/td><td>30<\/td><td>240<\/td><\/tr><tr><td>10<\/td><td>80<\/td><td>35<\/td><td>280<\/td><\/tr><tr><td>11<\/td><td>88<\/td><td>45<\/td><td>360<\/td><\/tr><tr><td>12<\/td><td>96<\/td><td>50<\/td><td>400<\/td><\/tr><\/tbody><\/table>\t\t\t\t\t\t<\/div>\n\t\t\t\t<\/div>\n\t\t\t\t\t<\/div>\n\t\t<\/div>\n\t\t\t\t\t\t\t<\/div>\n\t\t<\/section>\n\t\t\t\t<section class=\"elementor-section elementor-top-section elementor-element elementor-element-9c3126b elementor-section-stretched elementor-section-boxed elementor-section-height-default elementor-section-height-default\" data-id=\"9c3126b\" data-element_type=\"section\" data-settings=\"{&quot;stretch_section&quot;:&quot;section-stretched&quot;}\">\n\t\t\t\t\t\t<div class=\"elementor-container elementor-column-gap-default\">\n\t\t\t\t\t<div class=\"elementor-column elementor-col-50 elementor-top-column elementor-element elementor-element-a077a06\" data-id=\"a077a06\" data-element_type=\"column\">\n\t\t\t<div class=\"elementor-widget-wrap elementor-element-populated\">\n\t\t\t\t\t\t\t\t<div class=\"elementor-element elementor-element-1c7a233 elementor-widget elementor-widget-image-gallery\" data-id=\"1c7a233\" data-element_type=\"widget\" data-widget_type=\"image-gallery.default\">\n\t\t\t\t<div class=\"elementor-widget-container\">\n\t\t\t\t\t<div class=\"elementor-image-gallery\">\n\t\t\t<div id='gallery-1' class='gallery galleryid-321 gallery-columns-3 gallery-size-thumbnail'><figure class='gallery-item'>\n\t\t\t<div class='gallery-icon landscape'>\n\t\t\t\t<a data-elementor-open-lightbox=\"yes\" data-elementor-lightbox-slideshow=\"1c7a233\" data-elementor-lightbox-title=\"dkp sac 2\" href='https:\/\/profildemiri.com\/wp-content\/uploads\/2021\/10\/dkp-sac-2.jpg'><img loading=\"lazy\" decoding=\"async\" width=\"150\" height=\"150\" src=\"https:\/\/profildemiri.com\/wp-content\/uploads\/2021\/10\/dkp-sac-2-150x150.jpg\" class=\"attachment-thumbnail size-thumbnail\" alt=\"\" \/><\/a>\n\t\t\t<\/div><\/figure><figure class='gallery-item'>\n\t\t\t<div class='gallery-icon landscape'>\n\t\t\t\t<a data-elementor-open-lightbox=\"yes\" data-elementor-lightbox-slideshow=\"1c7a233\" data-elementor-lightbox-title=\"dkp sac 3\" href='https:\/\/profildemiri.com\/wp-content\/uploads\/2021\/10\/dkp-sac-3.jpg'><img loading=\"lazy\" decoding=\"async\" width=\"150\" height=\"150\" src=\"https:\/\/profildemiri.com\/wp-content\/uploads\/2021\/10\/dkp-sac-3-150x150.jpg\" class=\"attachment-thumbnail size-thumbnail\" alt=\"\" \/><\/a>\n\t\t\t<\/div><\/figure><figure class='gallery-item'>\n\t\t\t<div class='gallery-icon landscape'>\n\t\t\t\t<a data-elementor-open-lightbox=\"yes\" data-elementor-lightbox-slideshow=\"1c7a233\" data-elementor-lightbox-title=\"dkp sac\" href='https:\/\/profildemiri.com\/wp-content\/uploads\/2021\/10\/dkp-sac.jpg'><img loading=\"lazy\" decoding=\"async\" width=\"150\" height=\"150\" src=\"https:\/\/profildemiri.com\/wp-content\/uploads\/2021\/10\/dkp-sac-150x150.jpg\" class=\"attachment-thumbnail size-thumbnail\" alt=\"\" \/><\/a>\n\t\t\t<\/div><\/figure>\n\t\t<\/div>\n\t\t<\/div>\n\t\t\t\t<\/div>\n\t\t\t\t<\/div>\n\t\t\t\t\t<\/div>\n\t\t<\/div>\n\t\t\t\t<div class=\"elementor-column elementor-col-50 elementor-top-column elementor-element elementor-element-9c27c14\" data-id=\"9c27c14\" data-element_type=\"column\">\n\t\t\t<div class=\"elementor-widget-wrap elementor-element-populated\">\n\t\t\t\t\t\t\t\t<div class=\"elementor-element elementor-element-d1cf4fd elementor-widget elementor-widget-image-gallery\" data-id=\"d1cf4fd\" data-element_type=\"widget\" data-widget_type=\"image-gallery.default\">\n\t\t\t\t<div class=\"elementor-widget-container\">\n\t\t\t\t\t<div class=\"elementor-image-gallery\">\n\t\t\t<div id='gallery-2' class='gallery galleryid-321 gallery-columns-3 gallery-size-thumbnail'><figure class='gallery-item'>\n\t\t\t<div class='gallery-icon portrait'>\n\t\t\t\t<a data-elementor-open-lightbox=\"yes\" data-elementor-lightbox-slideshow=\"d1cf4fd\" data-elementor-lightbox-title=\"siyah sac 2\" href='https:\/\/profildemiri.com\/wp-content\/uploads\/2021\/10\/siyah-sac-2.jpg'><img loading=\"lazy\" decoding=\"async\" width=\"150\" height=\"150\" src=\"https:\/\/profildemiri.com\/wp-content\/uploads\/2021\/10\/siyah-sac-2-150x150.jpg\" class=\"attachment-thumbnail size-thumbnail\" alt=\"\" srcset=\"https:\/\/profildemiri.com\/wp-content\/uploads\/2021\/10\/siyah-sac-2-150x150.jpg 150w, https:\/\/profildemiri.com\/wp-content\/uploads\/2021\/10\/siyah-sac-2.jpg 296w\" sizes=\"auto, (max-width: 150px) 100vw, 150px\" \/><\/a>\n\t\t\t<\/div><\/figure><figure class='gallery-item'>\n\t\t\t<div class='gallery-icon landscape'>\n\t\t\t\t<a data-elementor-open-lightbox=\"yes\" data-elementor-lightbox-slideshow=\"d1cf4fd\" data-elementor-lightbox-title=\"siyah sac 3\" href='https:\/\/profildemiri.com\/wp-content\/uploads\/2021\/10\/siyah-sac-3.jpg'><img loading=\"lazy\" decoding=\"async\" width=\"150\" height=\"150\" src=\"https:\/\/profildemiri.com\/wp-content\/uploads\/2021\/10\/siyah-sac-3-150x150.jpg\" class=\"attachment-thumbnail size-thumbnail\" alt=\"\" \/><\/a>\n\t\t\t<\/div><\/figure><figure class='gallery-item'>\n\t\t\t<div class='gallery-icon landscape'>\n\t\t\t\t<a data-elementor-open-lightbox=\"yes\" data-elementor-lightbox-slideshow=\"d1cf4fd\" data-elementor-lightbox-title=\"siyah sac\" href='https:\/\/profildemiri.com\/wp-content\/uploads\/2021\/10\/siyah-sac.jpg'><img loading=\"lazy\" decoding=\"async\" width=\"150\" height=\"150\" src=\"https:\/\/profildemiri.com\/wp-content\/uploads\/2021\/10\/siyah-sac-150x150.jpg\" class=\"attachment-thumbnail size-thumbnail\" alt=\"\" \/><\/a>\n\t\t\t<\/div><\/figure>\n\t\t<\/div>\n\t\t<\/div>\n\t\t\t\t<\/div>\n\t\t\t\t<\/div>\n\t\t\t\t\t<\/div>\n\t\t<\/div>\n\t\t\t\t\t\t\t<\/div>\n\t\t<\/section>\n\t\t\t\t\t\t<\/div>\n\t\t\t\t\t<\/div>\n\t\t","protected":false},"excerpt":{"rendered":"<p>Dkp sac ve Siyah saclar\u00a0 &#8211; \u00a0Dkp \u00f6zellikleri\u00a0 &#8211; \u00a0Siyah sac \u00f6zellikleri DKP\u00a0S\u0131v\u0131 hale getirilen \u00e7eli\u011fin, s\u00fcrekli d\u00f6k\u00fcm y\u00f6ntemi izlenerek so\u011futma i\u015flemi ile kat\u0131la\u015ft\u0131r\u0131lmas\u0131 sonucu meydana gelen, dikd\u00f6rtgen kesitli veya rulo haline getirilen \u00fcr\u00fcn\u00fcn, haddelenmesi ile elde edilen ve kal\u0131nl\u0131klar\u0131 1,00mm &#8211; 20,00 mm aral\u0131\u011f\u0131nda de\u011fi\u015fen dkp rulo veya dkp sac \u015feklindeki yass\u0131 metallerdir. \u00a0Siyah [&hellip;]<\/p>\n","protected":false},"author":1,"featured_media":0,"parent":0,"menu_order":0,"comment_status":"closed","ping_status":"closed","template":"","meta":{"footnotes":""},"class_list":["post-321","page","type-page","status-publish","hentry","entry"],"_links":{"self":[{"href":"https:\/\/profildemiri.com\/index.php\/wp-json\/wp\/v2\/pages\/321","targetHints":{"allow":["GET"]}}],"collection":[{"href":"https:\/\/profildemiri.com\/index.php\/wp-json\/wp\/v2\/pages"}],"about":[{"href":"https:\/\/profildemiri.com\/index.php\/wp-json\/wp\/v2\/types\/page"}],"author":[{"embeddable":true,"href":"https:\/\/profildemiri.com\/index.php\/wp-json\/wp\/v2\/users\/1"}],"replies":[{"embeddable":true,"href":"https:\/\/profildemiri.com\/index.php\/wp-json\/wp\/v2\/comments?post=321"}],"version-history":[{"count":4,"href":"https:\/\/profildemiri.com\/index.php\/wp-json\/wp\/v2\/pages\/321\/revisions"}],"predecessor-version":[{"id":332,"href":"https:\/\/profildemiri.com\/index.php\/wp-json\/wp\/v2\/pages\/321\/revisions\/332"}],"wp:attachment":[{"href":"https:\/\/profildemiri.com\/index.php\/wp-json\/wp\/v2\/media?parent=321"}],"curies":[{"name":"wp","href":"https:\/\/api.w.org\/{rel}","templated":true}]}}