{"id":313,"date":"2021-10-03T22:11:00","date_gmt":"2021-10-03T19:11:00","guid":{"rendered":"http:\/\/profildemiri.com\/?page_id=313"},"modified":"2021-10-03T22:26:43","modified_gmt":"2021-10-03T19:26:43","slug":"hakkimizda","status":"publish","type":"page","link":"https:\/\/profildemiri.com\/index.php\/hakkimizda\/","title":{"rendered":"Hakk\u0131m\u0131zda"},"content":{"rendered":"\t\t<div data-elementor-type=\"wp-page\" data-elementor-id=\"313\" class=\"elementor elementor-313\" data-elementor-settings=\"[]\">\n\t\t\t\t\t\t\t<div class=\"elementor-section-wrap\">\n\t\t\t\t\t\t\t<section class=\"elementor-section elementor-top-section elementor-element elementor-element-806586b elementor-section-stretched elementor-section-boxed elementor-section-height-default elementor-section-height-default\" data-id=\"806586b\" data-element_type=\"section\" data-settings=\"{&quot;stretch_section&quot;:&quot;section-stretched&quot;}\">\n\t\t\t\t\t\t<div class=\"elementor-container elementor-column-gap-default\">\n\t\t\t\t\t<div class=\"elementor-column elementor-col-33 elementor-top-column elementor-element elementor-element-6b04944\" data-id=\"6b04944\" data-element_type=\"column\">\n\t\t\t<div class=\"elementor-widget-wrap elementor-element-populated\">\n\t\t\t\t\t\t\t\t<div class=\"elementor-element elementor-element-078c581 elementor-widget elementor-widget-heading\" data-id=\"078c581\" data-element_type=\"widget\" data-widget_type=\"heading.default\">\n\t\t\t\t<div class=\"elementor-widget-container\">\n\t\t\t<h2 class=\"elementor-heading-title elementor-size-default\">Neler Yap\u0131yoruz?<\/h2>\t\t<\/div>\n\t\t\t\t<\/div>\n\t\t\t\t\t<\/div>\n\t\t<\/div>\n\t\t\t\t<div class=\"elementor-column elementor-col-66 elementor-top-column elementor-element elementor-element-61f8db1\" data-id=\"61f8db1\" data-element_type=\"column\">\n\t\t\t<div class=\"elementor-widget-wrap elementor-element-populated\">\n\t\t\t\t\t\t\t\t<div class=\"elementor-element elementor-element-104e47c elementor-widget elementor-widget-text-editor\" data-id=\"104e47c\" data-element_type=\"widget\" data-widget_type=\"text-editor.default\">\n\t\t\t\t<div class=\"elementor-widget-container\">\n\t\t\t\t\t\t\t\t<strong>Emir Dekoratif Demir Makine Sanayi Ticaret Limited \u015eirketi<\/strong> Ferforje \u00dcretimi yenilenen web sitesi ile sizlere hizmet etmektedir. <br>Firmam\u0131z tamam\u0131 kendi tasar\u0131mlar\u0131 olan yeni jenerasyon t\u00fcm \u00fcr\u00fcnlerini web sitemiz \u00fczerinden g\u00f6rebilir, dilerseniz online olarak sipari\u015f verebilirsiniz. <br>\u015eirketimiz; 1995 y\u0131l\u0131nda ferforje ile tan\u0131\u015fan kurucular\u0131m\u0131z 11 y\u0131ll\u0131k deneyimin ard\u0131ndan 2005 y\u0131l\u0131nda EM\u0130R DEKORAT\u0130F i\u015fletmesini kurmu\u015flard\u0131r. Emir dekoratif sahip oldu\u011fu bilgi ve tecr\u00fcbeyi siz de\u011ferli m\u00fc\u015fterileri ile payla\u015fman\u0131n heyecan\u0131n\u0131 duyar. Kuruldu\u011fu g\u00fcnden itibaren Ferforje imalat\u0131, \u00fcretimi, tasar\u0131m\u0131 alan\u0131nda sekt\u00f6r\u00fcnde lider olmay\u0131 ba\u015farm\u0131\u015f. <br><br>\u00d6zellikle bah\u00e7e kap\u0131lar\u0131, bina giri\u015f kap\u0131lar\u0131, balkon korkuluklar\u0131, cam korkuluklar\u0131, dekoratif par\u00e7alar, duvar korkuluklar\u0131, merdiven korkuluklar\u0131, ev ve i\u015fyeri dekarasyonu imalat\u0131nda deneyimli ba\u015far\u0131lara imza atm\u0131\u015ft\u0131r.\t\t\t\t\t\t<\/div>\n\t\t\t\t<\/div>\n\t\t\t\t\t<\/div>\n\t\t<\/div>\n\t\t\t\t\t\t\t<\/div>\n\t\t<\/section>\n\t\t\t\t<section class=\"elementor-section elementor-top-section elementor-element elementor-element-c914dc9 elementor-section-stretched elementor-section-boxed elementor-section-height-default elementor-section-height-default\" data-id=\"c914dc9\" data-element_type=\"section\" data-settings=\"{&quot;stretch_section&quot;:&quot;section-stretched&quot;}\">\n\t\t\t\t\t\t<div class=\"elementor-container elementor-column-gap-default\">\n\t\t\t\t\t<div class=\"elementor-column elementor-col-33 elementor-top-column elementor-element elementor-element-b27562e\" data-id=\"b27562e\" data-element_type=\"column\">\n\t\t\t<div class=\"elementor-widget-wrap elementor-element-populated\">\n\t\t\t\t\t\t\t\t<div class=\"elementor-element elementor-element-f45a3a4 elementor-widget elementor-widget-heading\" data-id=\"f45a3a4\" data-element_type=\"widget\" data-widget_type=\"heading.default\">\n\t\t\t\t<div class=\"elementor-widget-container\">\n\t\t\t<h2 class=\"elementor-heading-title elementor-size-default\">Emir Dekoratif<\/h2>\t\t<\/div>\n\t\t\t\t<\/div>\n\t\t\t\t<div class=\"elementor-element elementor-element-8c5a3ba elementor-widget elementor-widget-text-editor\" data-id=\"8c5a3ba\" data-element_type=\"widget\" data-widget_type=\"text-editor.default\">\n\t\t\t\t<div class=\"elementor-widget-container\">\n\t\t\t\t\t\t\t\tKonusunda uzman kadroya sahip olan \u015firketimiz; orta \u00f6l\u00e7ekli bir i\u015fletme olmas\u0131na ra\u011fmen kuruldu\u011fu ilk andan itibaren kaliteye verdi\u011fi \u00f6nem ve zoru ba\u015farma azmi sayesinde k\u0131sa s\u00fcrede tan\u0131nm\u0131\u015f ve \u0130lkelerinden asla vazge\u00e7memi\u015ftir.\t\t\t\t\t\t<\/div>\n\t\t\t\t<\/div>\n\t\t\t\t\t<\/div>\n\t\t<\/div>\n\t\t\t\t<div class=\"elementor-column elementor-col-33 elementor-top-column elementor-element elementor-element-5798d45\" data-id=\"5798d45\" data-element_type=\"column\">\n\t\t\t<div class=\"elementor-widget-wrap elementor-element-populated\">\n\t\t\t\t\t\t\t\t<div class=\"elementor-element elementor-element-3c9d16b elementor-widget elementor-widget-heading\" data-id=\"3c9d16b\" data-element_type=\"widget\" data-widget_type=\"heading.default\">\n\t\t\t\t<div class=\"elementor-widget-container\">\n\t\t\t<h2 class=\"elementor-heading-title elementor-size-default\">Uygun Fiyat<\/h2>\t\t<\/div>\n\t\t\t\t<\/div>\n\t\t\t\t<div class=\"elementor-element elementor-element-c348d46 elementor-widget elementor-widget-text-editor\" data-id=\"c348d46\" data-element_type=\"widget\" data-widget_type=\"text-editor.default\">\n\t\t\t\t<div class=\"elementor-widget-container\">\n\t\t\t\t\t\t\t\tFirmam\u0131z\u0131n de\u011fi\u015fmez prensipleri daima kalite, hizmet, zaman\u0131nda teslim ve uygun fiyat olmu\u015ftur.\t\t\t\t\t\t<\/div>\n\t\t\t\t<\/div>\n\t\t\t\t\t<\/div>\n\t\t<\/div>\n\t\t\t\t<div class=\"elementor-column elementor-col-33 elementor-top-column elementor-element elementor-element-f0b7062\" data-id=\"f0b7062\" data-element_type=\"column\">\n\t\t\t<div class=\"elementor-widget-wrap elementor-element-populated\">\n\t\t\t\t\t\t\t\t<div class=\"elementor-element elementor-element-689b9e8 elementor-widget elementor-widget-heading\" data-id=\"689b9e8\" data-element_type=\"widget\" data-widget_type=\"heading.default\">\n\t\t\t\t<div class=\"elementor-widget-container\">\n\t\t\t<h2 class=\"elementor-heading-title elementor-size-default\">Kalite<\/h2>\t\t<\/div>\n\t\t\t\t<\/div>\n\t\t\t\t<div class=\"elementor-element elementor-element-e656d65 elementor-widget elementor-widget-text-editor\" data-id=\"e656d65\" data-element_type=\"widget\" data-widget_type=\"text-editor.default\">\n\t\t\t\t<div class=\"elementor-widget-container\">\n\t\t\t\t\t\t\t\tEmir Dekoratif olarak kaliteyi daima birinci s\u0131rada tutarak;m\u00fc\u015fterilerimizi s\u00fcrekli memnun etmek as\u0131l amac\u0131m\u0131z olmu\u015ftur.\t\t\t\t\t\t<\/div>\n\t\t\t\t<\/div>\n\t\t\t\t\t<\/div>\n\t\t<\/div>\n\t\t\t\t\t\t\t<\/div>\n\t\t<\/section>\n\t\t\t\t<section class=\"elementor-section elementor-top-section elementor-element elementor-element-9b1c836 elementor-section-stretched elementor-section-boxed elementor-section-height-default elementor-section-height-default\" data-id=\"9b1c836\" data-element_type=\"section\" data-settings=\"{&quot;stretch_section&quot;:&quot;section-stretched&quot;}\">\n\t\t\t\t\t\t<div class=\"elementor-container elementor-column-gap-default\">\n\t\t\t\t\t<div class=\"elementor-column elementor-col-100 elementor-top-column elementor-element elementor-element-50800bb\" data-id=\"50800bb\" data-element_type=\"column\">\n\t\t\t<div class=\"elementor-widget-wrap elementor-element-populated\">\n\t\t\t\t\t\t\t\t<div class=\"elementor-element elementor-element-284b86b elementor-cta--skin-classic elementor-animated-content elementor-bg-transform elementor-bg-transform-zoom-in elementor-widget elementor-widget-call-to-action\" data-id=\"284b86b\" data-element_type=\"widget\" data-widget_type=\"call-to-action.default\">\n\t\t\t\t<div class=\"elementor-widget-container\">\n\t\t\t\t\t<div  class=\"elementor-cta\">\n\t\t\t\t\t<div class=\"elementor-cta__bg-wrapper\">\n\t\t\t\t<div class=\"elementor-cta__bg elementor-bg\" style=\"background-image: url(https:\/\/profildemiri.com\/wp-content\/uploads\/2021\/08\/1-1-1024x64.png);\"><\/div>\n\t\t\t\t<div class=\"elementor-cta__bg-overlay\"><\/div>\n\t\t\t<\/div>\n\t\t\t\t\t\t\t<div class=\"elementor-cta__content\">\n\t\t\t\t\n\t\t\t\t\t\t\t\t\t<h2 class=\"elementor-cta__title elementor-cta__content-item elementor-content-item\">\n\t\t\t\t\t\tOnline Ferforje Sat\u0131\u015f\t\t\t\t\t<\/h2>\n\t\t\t\t\n\t\t\t\t\t\t\t\t\t<div class=\"elementor-cta__description elementor-cta__content-item elementor-content-item\">\n\t\t\t\t\t\tBirbirinden kaliteli ve uygun fiyatlar\u0131 \u00fcr\u00fcnlerimizi g\u00f6rmek i\u00e7in online sat\u0131\u015f sitemizi ziyarek edebilirsiniz..\t\t\t\t\t<\/div>\n\t\t\t\t\n\t\t\t\t\t\t\t\t\t<div class=\"elementor-cta__button-wrapper elementor-cta__content-item elementor-content-item \">\n\t\t\t\t\t<a class=\"elementor-cta__button elementor-button elementor-size-sm\" href=\"http:\/\/emirdekoratif.com\">\n\t\t\t\t\t\tOnline Sat\u0131\u015f\t\t\t\t\t<\/a>\n\t\t\t\t\t<\/div>\n\t\t\t\t\t\t\t<\/div>\n\t\t\t\t\t\t<\/div>\n\t\t\t\t<\/div>\n\t\t\t\t<\/div>\n\t\t\t\t\t<\/div>\n\t\t<\/div>\n\t\t\t\t\t\t\t<\/div>\n\t\t<\/section>\n\t\t\t\t\t\t<\/div>\n\t\t\t\t\t<\/div>\n\t\t","protected":false},"excerpt":{"rendered":"<p>Neler Yap\u0131yoruz? Emir Dekoratif Demir Makine Sanayi Ticaret Limited \u015eirketi Ferforje \u00dcretimi yenilenen web sitesi ile sizlere hizmet etmektedir. Firmam\u0131z tamam\u0131 kendi tasar\u0131mlar\u0131 olan yeni jenerasyon t\u00fcm \u00fcr\u00fcnlerini web sitemiz \u00fczerinden g\u00f6rebilir, dilerseniz online olarak sipari\u015f verebilirsiniz. \u015eirketimiz; 1995 y\u0131l\u0131nda ferforje ile tan\u0131\u015fan kurucular\u0131m\u0131z 11 y\u0131ll\u0131k deneyimin ard\u0131ndan 2005 y\u0131l\u0131nda EM\u0130R DEKORAT\u0130F i\u015fletmesini kurmu\u015flard\u0131r. Emir [&hellip;]<\/p>\n","protected":false},"author":1,"featured_media":0,"parent":0,"menu_order":0,"comment_status":"closed","ping_status":"closed","template":"","meta":{"footnotes":""},"class_list":["post-313","page","type-page","status-publish","hentry","entry"],"_links":{"self":[{"href":"https:\/\/profildemiri.com\/index.php\/wp-json\/wp\/v2\/pages\/313","targetHints":{"allow":["GET"]}}],"collection":[{"href":"https:\/\/profildemiri.com\/index.php\/wp-json\/wp\/v2\/pages"}],"about":[{"href":"https:\/\/profildemiri.com\/index.php\/wp-json\/wp\/v2\/types\/page"}],"author":[{"embeddable":true,"href":"https:\/\/profildemiri.com\/index.php\/wp-json\/wp\/v2\/users\/1"}],"replies":[{"embeddable":true,"href":"https:\/\/profildemiri.com\/index.php\/wp-json\/wp\/v2\/comments?post=313"}],"version-history":[{"count":4,"href":"https:\/\/profildemiri.com\/index.php\/wp-json\/wp\/v2\/pages\/313\/revisions"}],"predecessor-version":[{"id":319,"href":"https:\/\/profildemiri.com\/index.php\/wp-json\/wp\/v2\/pages\/313\/revisions\/319"}],"wp:attachment":[{"href":"https:\/\/profildemiri.com\/index.php\/wp-json\/wp\/v2\/media?parent=313"}],"curies":[{"name":"wp","href":"https:\/\/api.w.org\/{rel}","templated":true}]}}